{"id":253,"date":"2017-02-13T19:33:12","date_gmt":"2017-02-13T18:33:12","guid":{"rendered":"http:\/\/nova.isdb.sk\/?page_id=253"},"modified":"2022-12-06T12:43:57","modified_gmt":"2022-12-06T11:43:57","slug":"home","status":"publish","type":"page","link":"https:\/\/isdb.sk\/de\/","title":{"rendered":"Home"},"content":{"rendered":"<div class=\"wpb-content-wrapper\"><p>[vc_row type=&#8220;1&#8243; content_placement=&#8220;middle&#8220; padding_top=&#8220;100&#8243; padding_bottom=&#8220;100&#8243; background_color=&#8220;#333333&#8243; transition_delay=&#8220;300&#8243;][vc_column css_animation=&#8220;fadeIn&#8220;][vc_row_inner gap=&#8220;35&#8243;][vc_column_inner width=&#8220;1\/3&#8243;][vc_icon icon_fontawesome=&#8220;fas fa-building&#8220; color=&#8220;custom&#8220; size=&#8220;lg&#8220; align=&#8220;center&#8220; custom_color=&#8220;#ffffff&#8220; css=&#8220;.vc_custom_1669290256872{margin-bottom: 0px !important;padding-bottom: 0px !important;}&#8220;][vc_column_text]<\/p>\n<h3 style=\"text-align: center;\">ISDB s.r.o.<\/h3>\n<p style=\"text-align: center;\">Die Spedition I.S.D.B. s.r.o. wurde im Jahr 2005 in Michalovce gegr\u00fcndet. Das Ziel unseres Unternehmens war damals den hohen Anspr\u00fcchen unserer Kunden gerecht zu werden. Heute k\u00f6nnen wir sie mit unseren hochwertigen logistischen Dienstleistungen und verantwortungsvoller Arbeit begeistern.<\/p>\n<p>[\/vc_column_text]<style type=\"text\/css\" data-type=\"the7_shortcodes-inline-css\">#default-btn-e680b3b7de52fad25c7c4a1b504d5c36.ico-right-side > i {\n  margin-right: 0px;\n  margin-left: 8px;\n}\n#default-btn-e680b3b7de52fad25c7c4a1b504d5c36 > i {\n  margin-right: 8px;\n}\n<\/style><div class=\"btn-align-center\"><a href=\"http:\/\/isdb.sk\/de\/o-nas\/\" class=\"default-btn-shortcode dt-btn dt-btn-m link-hover-off \" id=\"default-btn-e680b3b7de52fad25c7c4a1b504d5c36\"><span>Firmen Geschichte<\/span><\/a><\/div>[\/vc_column_inner][vc_column_inner width=&#8220;1\/3&#8243;][vc_icon icon_fontawesome=&#8220;fas fa-truck-moving&#8220; color=&#8220;custom&#8220; size=&#8220;lg&#8220; align=&#8220;center&#8220; custom_color=&#8220;#ffffff&#8220; css=&#8220;.vc_custom_1669290276580{margin-bottom: 0px !important;padding-bottom: 0px !important;}&#8220;][vc_column_text]<\/p>\n<h3 style=\"text-align: center;\">Qualit\u00e4t und Zuverl\u00e4ssigkeit<\/h3>\n<p style=\"text-align: center;\">Wir bieten den Unternehmen aller Branchen eine sichere und termingerechte Bef\u00f6rderung der Ware innerhalb Europa zu marktgerechten Preisen an. Auch die Waren mit spezifischen Anforderungen sind bei uns in guten H\u00e4nden. Um den hohen Qualit\u00e4tsstandards zu entsprechen, stellt die Gesch\u00e4ftsf\u00fchrung alle notwendigen Mittel daf\u00fcr bereit. Das kompetente, qualifizierte und freundliche Personal ist f\u00fcr unser Unternehmen selbstverst\u00e4ndlich. Das wird durch regelm\u00e4\u00dfige Schulungen, Weiterbildungen und Teambuilding-Ma\u00dfnahmen gew\u00e4hrleistet.<\/p>\n<p>[\/vc_column_text]<style type=\"text\/css\" data-type=\"the7_shortcodes-inline-css\">#default-btn-351b95c1cd98dbe0c90ae2069b2eb715.ico-right-side > i {\n  margin-right: 0px;\n  margin-left: 8px;\n}\n#default-btn-351b95c1cd98dbe0c90ae2069b2eb715 > i {\n  margin-right: 8px;\n}\n<\/style><div class=\"btn-align-center\"><a href=\"https:\/\/isdb.sk\/de\/sluzby\/\" class=\"default-btn-shortcode dt-btn dt-btn-m link-hover-off \" id=\"default-btn-351b95c1cd98dbe0c90ae2069b2eb715\"><span>Dienstleistungen<\/span><\/a><\/div>[\/vc_column_inner][vc_column_inner width=&#8220;1\/3&#8243;][vc_icon icon_fontawesome=&#8220;fas fa-certificate&#8220; color=&#8220;custom&#8220; size=&#8220;lg&#8220; align=&#8220;center&#8220; custom_color=&#8220;#ffffff&#8220; css=&#8220;.vc_custom_1669290296121{margin-bottom: 0px !important;padding-bottom: 0px !important;}&#8220;][vc_column_text]<\/p>\n<h3 style=\"text-align: center;\">Zufriedenheitsgarantie<\/h3>\n<p style=\"text-align: center;\">Wir garantieren nicht nur eine reibungslose Bef\u00f6rderung der Waren, sondern auch eine komplette Betreuung des Transportes mit einer l\u00fcckenlosen Kommunikation. Wir \u00fcbernehmen die gesamte Organisation und Kontrolle der Sendung f\u00fcr unsere Kunden \u2013 von der Planung bis zur Entladung und Kunden-Feedback. So k\u00f6nnen sich unsere Kunden ohne unn\u00f6tigen Stress auf ihre Kernprozesse fokussieren.<\/p>\n<p>[\/vc_column_text]<style type=\"text\/css\" data-type=\"the7_shortcodes-inline-css\">#default-btn-a9f9a211f4308aaaa40f58fe68353baa.ico-right-side > i {\n  margin-right: 0px;\n  margin-left: 8px;\n}\n#default-btn-a9f9a211f4308aaaa40f58fe68353baa > i {\n  margin-right: 8px;\n}\n<\/style><div class=\"btn-align-center\"><a href=\"https:\/\/isdb.sk\/de\/kontakt\" class=\"default-btn-shortcode dt-btn dt-btn-m link-hover-off \" id=\"default-btn-a9f9a211f4308aaaa40f58fe68353baa\"><span>Kontakt<\/span><\/a><\/div>[\/vc_column_inner][\/vc_row_inner][\/vc_column][\/vc_row][vc_row type=&#8220;vc_default&#8220; gap=&#8220;35&#8243; equal_height=&#8220;yes&#8220; content_placement=&#8220;middle&#8220; margin_top=&#8220;100&#8243; margin_bottom=&#8220;100&#8243; bg_type=&#8220;image&#8220; parallax_style=&#8220;vcpb-default&#8220; bg_image_new=&#8220;id^217|url^https:\/\/isdb.sk\/wp-content\/uploads\/2017\/02\/Kamion-ISDB-Parallax.jpg|caption^null|alt^null|title^Kamion ISDB Parallax|description^null&#8220; bg_image_repeat=&#8220;no-repeat&#8220; bg_override=&#8220;ex-full&#8220; css=&#8220;.vc_custom_1669639140159{margin-top: 0px !important;margin-bottom: 0px !important;padding-top: 100px !important;padding-bottom: 100px !important;}&#8220;][vc_column width=&#8220;5\/12&#8243; css=&#8220;.vc_custom_1669395897618{border-top-width: 2px !important;border-right-width: 2px !important;border-bottom-width: 2px !important;border-left-width: 2px !important;padding-right: 30px !important;padding-left: 30px !important;background-color: #f2f2f2 !important;border-left-color: #0b113f !important;border-left-style: solid !important;border-right-color: #0b113f !important;border-right-style: solid !important;border-top-color: #0b113f !important;border-top-style: solid !important;border-bottom-color: #0b113f !important;border-bottom-style: solid !important;border-radius: 5px !important;}&#8220;][vc_column_text]<\/p>\n<h2>Zusammenarbeit mit Profis<\/h2>\n<p>Kundenzufriedenheit hat bei uns oberste Priorit\u00e4t! Durch unser internationales Netzwerk renommierter Unternehmen werden die W\u00fcnsche unserer Kunden optimal erf\u00fcllt. Professioneller und individueller Ansatz, st\u00e4ndige Verbesserung der Arbeitsmethoden, direkte Kommunikation und Ehrlichkeit macht unsere Arbeit und unsrer t\u00e4gliches Handeln aus.[\/vc_column_text][vc_single_image image=&#8220;218&#8243; img_size=&#8220;large&#8220; alignment=&#8220;center&#8220;][\/vc_column][vc_column width=&#8220;7\/12&#8243; css=&#8220;.vc_custom_1669639146680{border-top-width: 2px !important;border-right-width: 2px !important;border-bottom-width: 2px !important;border-left-width: 2px !important;padding-right: 30px !important;padding-left: 30px !important;background-color: #ffffff !important;border-left-color: #0b113f !important;border-left-style: solid !important;border-right-color: #0b113f !important;border-right-style: solid !important;border-top-color: #0b113f !important;border-top-style: solid !important;border-bottom-color: #0b113f !important;border-bottom-style: solid !important;border-radius: 5px !important;}&#8220;][vc_custom_heading text=&#8220;Wir liefern sicher und zuverl\u00e4ssig nach Osteuropa, Skandinavien, in den Balkan, nach Zentralasien oder in GUS-Staaten&#8220; font_container=&#8220;tag:h2|font_size:25|text_align:left|line_height:1.3&#8243; use_theme_fonts=&#8220;yes&#8220; css=&#8220;.vc_custom_1670324837262{margin-bottom: 20px !important;}&#8220;][vc_single_image image=&#8220;636&#8243; img_size=&#8220;large&#8220; alignment=&#8220;center&#8220;][\/vc_column][\/vc_row][vc_row type=&#8220;2&#8243; padding_top=&#8220;100&#8243; padding_bottom=&#8220;100&#8243; row_type=&#8220;parallax&#8220; background_image=&#8220;217&#8243;][vc_column][vc_row_inner][vc_column_inner width=&#8220;1\/6&#8243;][\/vc_column_inner][vc_column_inner width=&#8220;2\/3&#8243;][vc_column_text]<\/p>\n<h2 style=\"text-align: center;\">ISDB ist die richtige Wahl<\/h2>\n<p>[\/vc_column_text][vc_column_text]<\/p>\n<p style=\"font-size: 20px; text-align: center;\">Entwickeln Sie Ihr Business und wir k\u00fcmmern uns um die sichere Lieferung Ihrer Fracht ans Ziel! Die langj\u00e4hrige und gut funktionierende Zusammenarbeit mit international renommierten Frachtunternehmen garantiert uns einen permanenten Zugriff auf mehr als 1.000 Fahrzeuge und schafft uns eine gro\u00dfe Flexibilit\u00e4t.<\/p>\n<p>[\/vc_column_text][\/vc_column_inner][vc_column_inner width=&#8220;1\/6&#8243;][\/vc_column_inner][\/vc_row_inner][vc_row_inner equal_height=&#8220;yes&#8220; content_placement=&#8220;middle&#8220;][vc_column_inner width=&#8220;1\/3&#8243; css=&#8220;.vc_custom_1669290895519{border-right-width: 2px !important;border-left-width: 2px !important;}&#8220;][vc_icon icon_fontawesome=&#8220;fas fa-truck-loading&#8220; color=&#8220;white&#8220; size=&#8220;lg&#8220; align=&#8220;center&#8220;]<div class=\"stats-block stats-top   vc_custom_1670327021353\"><div class=\"aio-icon-top\"><div class=\"ult-just-icon-wrapper  \"><div class=\"align-icon\" style=\"text-align:center;\"><\/div><\/div><\/div><div class=\"stats-desc\" id=\"counter-responsv-wrap-3321\"><div class=\"counter_prefix mycust ult-responsive\"  data-ultimate-target='#counter-responsv-wrap-3321 .mycust'  data-responsive-json-new='{\"font-size\":\"\",\"line-height\":\"\"}'  style=\" color:\">mehr als<\/div><div id=\"counter_267381195269f3d64ff2d06\" data-id=\"counter_267381195269f3d64ff2d06\"  data-ultimate-target='#counter-responsv-wrap-3321 .stats-number'  data-responsive-json-new='{\"font-size\":\"desktop:50px;\",\"line-height\":\"\"}'  class=\"stats-number ult-responsive\" style=\"  font-weight:bold;\" data-speed=\"3\" data-counter-value=\"1000\" data-separator=\"none\" data-decimal=\"none\">0<\/div><div id=\"title-counter_267381195269f3d64ff2d06\"  data-ultimate-target='#counter-responsv-wrap-3321 .stats-text'  data-responsive-json-new='{\"font-size\":\"desktop:30px;\",\"line-height\":\"desktop:32px;\"}'  class=\"stats-text ult-responsive\" style=\"font-size:px;  font-weight:bold;\">Fahrzeuge stehen f\u00fcr Sie bereit<\/div><\/div><\/div>[\/vc_column_inner][vc_column_inner width=&#8220;1\/3&#8243; css=&#8220;.vc_custom_1485811534428{border-right-width: 2px !important;border-left-width: 2px !important;border-left-color: #ffffff !important;border-left-style: solid !important;border-right-color: #ffffff !important;border-right-style: solid !important;}&#8220;][vc_icon icon_fontawesome=&#8220;fas fa-history&#8220; color=&#8220;white&#8220; size=&#8220;lg&#8220; align=&#8220;center&#8220;]<div class=\"stats-block stats-top   vc_custom_1670327041940\"><div class=\"aio-icon-top\"><div class=\"ult-just-icon-wrapper  \"><div class=\"align-icon\" style=\"text-align:center;\"><\/div><\/div><\/div><div class=\"stats-desc\" id=\"counter-responsv-wrap-4520\"><div class=\"counter_prefix mycust ult-responsive\"  data-ultimate-target='#counter-responsv-wrap-4520 .mycust'  data-responsive-json-new='{\"font-size\":\"\",\"line-height\":\"\"}'  style=\" color:\">mehr als<\/div><div id=\"counter_375624030469f3d64ff2dcf\" data-id=\"counter_375624030469f3d64ff2dcf\"  data-ultimate-target='#counter-responsv-wrap-4520 .stats-number'  data-responsive-json-new='{\"font-size\":\"desktop:50px;\",\"line-height\":\"\"}'  class=\"stats-number ult-responsive\" style=\"  font-weight:bold;\" data-speed=\"3\" data-counter-value=\"20\" data-separator=\"none\" data-decimal=\"none\">0<\/div><div id=\"title-counter_375624030469f3d64ff2dcf\"  data-ultimate-target='#counter-responsv-wrap-4520 .stats-text'  data-responsive-json-new='{\"font-size\":\"desktop:30px;\",\"line-height\":\"desktop:32px;\"}'  class=\"stats-text ult-responsive\" style=\"font-size:px;  font-weight:bold;\">jahre erfahrung und know-how<\/div><\/div><\/div>[\/vc_column_inner][vc_column_inner width=&#8220;1\/3&#8243; css=&#8220;.vc_custom_1669290899892{border-right-width: 2px !important;border-left-width: 2px !important;}&#8220;][vc_icon icon_fontawesome=&#8220;fas fa-user&#8220; color=&#8220;white&#8220; size=&#8220;lg&#8220; align=&#8220;center&#8220;]<div class=\"stats-block stats-top   vc_custom_1670327045889\"><div class=\"aio-icon-top\"><div class=\"ult-just-icon-wrapper  \"><div class=\"align-icon\" style=\"text-align:center;\"><\/div><\/div><\/div><div class=\"stats-desc\" id=\"counter-responsv-wrap-1008\"><div id=\"counter_375543858769f3d64ff2e5e\" data-id=\"counter_375543858769f3d64ff2e5e\"  data-ultimate-target='#counter-responsv-wrap-1008 .stats-number'  data-responsive-json-new='{\"font-size\":\"desktop:50px;\",\"line-height\":\"\"}'  class=\"stats-number ult-responsive\" style=\"  font-weight:bold;\" data-speed=\"3\" data-counter-value=\"12\" data-separator=\"none\" data-decimal=\"none\">0<\/div><div id=\"title-counter_375543858769f3d64ff2e5e\"  data-ultimate-target='#counter-responsv-wrap-1008 .stats-text'  data-responsive-json-new='{\"font-size\":\"desktop:30px;\",\"line-height\":\"desktop:32px;\"}'  class=\"stats-text ult-responsive\" style=\"font-size:px;  font-weight:bold;\">spezialisten in unserem team<\/div><\/div><\/div>[\/vc_column_inner][\/vc_row_inner][\/vc_column][\/vc_row]<\/p>\n<\/div>","protected":false},"excerpt":{"rendered":"<p>[vc_row type=&#8220;1&#8243; content_placement=&#8220;middle&#8220; padding_top=&#8220;100&#8243; padding_bottom=&#8220;100&#8243; background_color=&#8220;#333333&#8243; transition_delay=&#8220;300&#8243;][vc_column css_animation=&#8220;fadeIn&#8220;][vc_row_inner gap=&#8220;35&#8243;][vc_column_inner width=&#8220;1\/3&#8243;][vc_icon icon_fontawesome=&#8220;fas fa-building&#8220; color=&#8220;custom&#8220; size=&#8220;lg&#8220; align=&#8220;center&#8220; custom_color=&#8220;#ffffff&#8220; css=&#8220;.vc_custom_1669290256872{margin-bottom: 0px !important;padding-bottom: 0px !important;}&#8220;][vc_column_text] ISDB s.r.o. Die Spedition I.S.D.B. s.r.o. wurde im Jahr 2005 in Michalovce gegr\u00fcndet. Das Ziel unseres Unternehmens war damals den hohen Anspr\u00fcchen unserer Kunden gerecht zu werden. Heute k\u00f6nnen wir sie mit unseren hochwertigen&hellip;<\/p>\n","protected":false},"author":1,"featured_media":0,"parent":0,"menu_order":0,"comment_status":"closed","ping_status":"closed","template":"","meta":{"footnotes":""},"class_list":["post-253","page","type-page","status-publish","hentry","description-off"],"yoast_head":"<!-- This site is optimized with the Yoast SEO plugin v24.3 - https:\/\/yoast.com\/wordpress\/plugins\/seo\/ -->\n<title>Home - ISDB<\/title>\n<meta name=\"robots\" content=\"index, follow, max-snippet:-1, max-image-preview:large, max-video-preview:-1\" \/>\n<link rel=\"canonical\" href=\"https:\/\/isdb.sk\/de\/\" \/>\n<meta property=\"og:locale\" content=\"de_DE\" \/>\n<meta property=\"og:type\" content=\"article\" \/>\n<meta property=\"og:title\" content=\"Home - ISDB\" \/>\n<meta property=\"og:description\" content=\"[vc_row type=&#8220;1&#8243; content_placement=&#8220;middle&#8220; padding_top=&#8220;100&#8243; padding_bottom=&#8220;100&#8243; background_color=&#8220;#333333&#8243; transition_delay=&#8220;300&#8243;][vc_column css_animation=&#8220;fadeIn&#8220;][vc_row_inner gap=&#8220;35&#8243;][vc_column_inner width=&#8220;1\/3&#8243;][vc_icon icon_fontawesome=&#8220;fas fa-building&#8220; color=&#8220;custom&#8220; size=&#8220;lg&#8220; align=&#8220;center&#8220; custom_color=&#8220;#ffffff&#8220; css=&#8220;.vc_custom_1669290256872{margin-bottom: 0px !important;padding-bottom: 0px !important;}&#8220;][vc_column_text] ISDB s.r.o. Die Spedition I.S.D.B. s.r.o. wurde im Jahr 2005 in Michalovce gegr\u00fcndet. Das Ziel unseres Unternehmens war damals den hohen Anspr\u00fcchen unserer Kunden gerecht zu werden. Heute k\u00f6nnen wir sie mit unseren hochwertigen&hellip;\" \/>\n<meta property=\"og:url\" content=\"https:\/\/isdb.sk\/de\/\" \/>\n<meta property=\"og:site_name\" content=\"ISDB\" \/>\n<meta property=\"article:modified_time\" content=\"2022-12-06T11:43:57+00:00\" \/>\n<meta name=\"twitter:card\" content=\"summary_large_image\" \/>\n<meta name=\"twitter:label1\" content=\"Gesch\u00e4tzte Lesezeit\" \/>\n\t<meta name=\"twitter:data1\" content=\"3\u00a0Minuten\" \/>\n<script type=\"application\/ld+json\" class=\"yoast-schema-graph\">{\"@context\":\"https:\/\/schema.org\",\"@graph\":[{\"@type\":\"WebPage\",\"@id\":\"https:\/\/isdb.sk\/de\/\",\"url\":\"https:\/\/isdb.sk\/de\/\",\"name\":\"Home - ISDB\",\"isPartOf\":{\"@id\":\"https:\/\/isdb.sk\/#website\"},\"datePublished\":\"2017-02-13T18:33:12+00:00\",\"dateModified\":\"2022-12-06T11:43:57+00:00\",\"breadcrumb\":{\"@id\":\"https:\/\/isdb.sk\/de\/#breadcrumb\"},\"inLanguage\":\"de\",\"potentialAction\":[{\"@type\":\"ReadAction\",\"target\":[\"https:\/\/isdb.sk\/de\/\"]}]},{\"@type\":\"BreadcrumbList\",\"@id\":\"https:\/\/isdb.sk\/de\/#breadcrumb\",\"itemListElement\":[{\"@type\":\"ListItem\",\"position\":1,\"name\":\"Domovsk\u00e1 str\u00e1nka\",\"item\":\"https:\/\/isdb.sk\/de\/\"},{\"@type\":\"ListItem\",\"position\":2,\"name\":\"Home\"}]},{\"@type\":\"WebSite\",\"@id\":\"https:\/\/isdb.sk\/#website\",\"url\":\"https:\/\/isdb.sk\/\",\"name\":\"ISDB\",\"description\":\"Medzin\u00e1rodn\u00e1 \u0161ped\u00edcia\",\"publisher\":{\"@id\":\"https:\/\/isdb.sk\/#organization\"},\"potentialAction\":[{\"@type\":\"SearchAction\",\"target\":{\"@type\":\"EntryPoint\",\"urlTemplate\":\"https:\/\/isdb.sk\/?s={search_term_string}\"},\"query-input\":{\"@type\":\"PropertyValueSpecification\",\"valueRequired\":true,\"valueName\":\"search_term_string\"}}],\"inLanguage\":\"de\"},{\"@type\":\"Organization\",\"@id\":\"https:\/\/isdb.sk\/#organization\",\"name\":\"I.S.D.B. s.r.o.,\",\"url\":\"https:\/\/isdb.sk\/\",\"logo\":{\"@type\":\"ImageObject\",\"inLanguage\":\"de\",\"@id\":\"https:\/\/isdb.sk\/#\/schema\/logo\/image\/\",\"url\":\"https:\/\/isdb.sk\/wp-content\/uploads\/2017\/01\/Logo-ISDB-1.png\",\"contentUrl\":\"https:\/\/isdb.sk\/wp-content\/uploads\/2017\/01\/Logo-ISDB-1.png\",\"width\":801,\"height\":387,\"caption\":\"I.S.D.B. s.r.o.,\"},\"image\":{\"@id\":\"https:\/\/isdb.sk\/#\/schema\/logo\/image\/\"}}]}<\/script>\n<!-- \/ Yoast SEO plugin. -->","yoast_head_json":{"title":"Home - ISDB","robots":{"index":"index","follow":"follow","max-snippet":"max-snippet:-1","max-image-preview":"max-image-preview:large","max-video-preview":"max-video-preview:-1"},"canonical":"https:\/\/isdb.sk\/de\/","og_locale":"de_DE","og_type":"article","og_title":"Home - ISDB","og_description":"[vc_row type=&#8220;1&#8243; content_placement=&#8220;middle&#8220; padding_top=&#8220;100&#8243; padding_bottom=&#8220;100&#8243; background_color=&#8220;#333333&#8243; transition_delay=&#8220;300&#8243;][vc_column css_animation=&#8220;fadeIn&#8220;][vc_row_inner gap=&#8220;35&#8243;][vc_column_inner width=&#8220;1\/3&#8243;][vc_icon icon_fontawesome=&#8220;fas fa-building&#8220; color=&#8220;custom&#8220; size=&#8220;lg&#8220; align=&#8220;center&#8220; custom_color=&#8220;#ffffff&#8220; css=&#8220;.vc_custom_1669290256872{margin-bottom: 0px !important;padding-bottom: 0px !important;}&#8220;][vc_column_text] ISDB s.r.o. Die Spedition I.S.D.B. s.r.o. wurde im Jahr 2005 in Michalovce gegr\u00fcndet. Das Ziel unseres Unternehmens war damals den hohen Anspr\u00fcchen unserer Kunden gerecht zu werden. Heute k\u00f6nnen wir sie mit unseren hochwertigen&hellip;","og_url":"https:\/\/isdb.sk\/de\/","og_site_name":"ISDB","article_modified_time":"2022-12-06T11:43:57+00:00","twitter_card":"summary_large_image","twitter_misc":{"Gesch\u00e4tzte Lesezeit":"3\u00a0Minuten"},"schema":{"@context":"https:\/\/schema.org","@graph":[{"@type":"WebPage","@id":"https:\/\/isdb.sk\/de\/","url":"https:\/\/isdb.sk\/de\/","name":"Home - ISDB","isPartOf":{"@id":"https:\/\/isdb.sk\/#website"},"datePublished":"2017-02-13T18:33:12+00:00","dateModified":"2022-12-06T11:43:57+00:00","breadcrumb":{"@id":"https:\/\/isdb.sk\/de\/#breadcrumb"},"inLanguage":"de","potentialAction":[{"@type":"ReadAction","target":["https:\/\/isdb.sk\/de\/"]}]},{"@type":"BreadcrumbList","@id":"https:\/\/isdb.sk\/de\/#breadcrumb","itemListElement":[{"@type":"ListItem","position":1,"name":"Domovsk\u00e1 str\u00e1nka","item":"https:\/\/isdb.sk\/de\/"},{"@type":"ListItem","position":2,"name":"Home"}]},{"@type":"WebSite","@id":"https:\/\/isdb.sk\/#website","url":"https:\/\/isdb.sk\/","name":"ISDB","description":"Medzin\u00e1rodn\u00e1 \u0161ped\u00edcia","publisher":{"@id":"https:\/\/isdb.sk\/#organization"},"potentialAction":[{"@type":"SearchAction","target":{"@type":"EntryPoint","urlTemplate":"https:\/\/isdb.sk\/?s={search_term_string}"},"query-input":{"@type":"PropertyValueSpecification","valueRequired":true,"valueName":"search_term_string"}}],"inLanguage":"de"},{"@type":"Organization","@id":"https:\/\/isdb.sk\/#organization","name":"I.S.D.B. s.r.o.,","url":"https:\/\/isdb.sk\/","logo":{"@type":"ImageObject","inLanguage":"de","@id":"https:\/\/isdb.sk\/#\/schema\/logo\/image\/","url":"https:\/\/isdb.sk\/wp-content\/uploads\/2017\/01\/Logo-ISDB-1.png","contentUrl":"https:\/\/isdb.sk\/wp-content\/uploads\/2017\/01\/Logo-ISDB-1.png","width":801,"height":387,"caption":"I.S.D.B. s.r.o.,"},"image":{"@id":"https:\/\/isdb.sk\/#\/schema\/logo\/image\/"}}]}},"_links":{"self":[{"href":"https:\/\/isdb.sk\/de\/wp-json\/wp\/v2\/pages\/253","targetHints":{"allow":["GET"]}}],"collection":[{"href":"https:\/\/isdb.sk\/de\/wp-json\/wp\/v2\/pages"}],"about":[{"href":"https:\/\/isdb.sk\/de\/wp-json\/wp\/v2\/types\/page"}],"author":[{"embeddable":true,"href":"https:\/\/isdb.sk\/de\/wp-json\/wp\/v2\/users\/1"}],"replies":[{"embeddable":true,"href":"https:\/\/isdb.sk\/de\/wp-json\/wp\/v2\/comments?post=253"}],"version-history":[{"count":8,"href":"https:\/\/isdb.sk\/de\/wp-json\/wp\/v2\/pages\/253\/revisions"}],"predecessor-version":[{"id":751,"href":"https:\/\/isdb.sk\/de\/wp-json\/wp\/v2\/pages\/253\/revisions\/751"}],"wp:attachment":[{"href":"https:\/\/isdb.sk\/de\/wp-json\/wp\/v2\/media?parent=253"}],"curies":[{"name":"wp","href":"https:\/\/api.w.org\/{rel}","templated":true}]}}