{"id":261,"date":"2017-02-13T20:14:33","date_gmt":"2017-02-13T19:14:33","guid":{"rendered":"http:\/\/nova.isdb.sk\/?page_id=261\/"},"modified":"2025-01-29T17:51:31","modified_gmt":"2025-01-29T16:51:31","slug":"ueber-uns","status":"publish","type":"page","link":"https:\/\/isdb.sk\/de\/ueber-uns\/","title":{"rendered":"\u00dcber uns"},"content":{"rendered":"<div class=\"wpb-content-wrapper\"><p>[vc_row css_animation=&#8220;element_from_fade&#8220; margin_bottom=&#8220;50&#8243; css=&#8220;.vc_custom_1669293807608{margin-bottom: 100px !important;}&#8220;][vc_column width=&#8220;1\/6&#8243;][\/vc_column][vc_column width=&#8220;2\/3&#8243;][vc_column_text]<\/p>\n<h2 style=\"text-align: center;\">\u00dcber I.S.D.B. s.r.o.<\/h2>\n<p style=\"text-align: center;\">Die Spedition I.S.D.B s.r.o in Michalovce wurde im Jahr 2005 gegr\u00fcndet. Unsere weitere unabh\u00e4ngige Standorte befinden sich in Friedrichshafen, Deutschland (ISDB Logistik GmbH) und in Zagreb, Kroatien (ISDB Medunardondna spedicija d.o.o.). Unser Ziel ist unsere Kunden, die uns ihre Treue und Vertrauen schenken durch unsere Erfahrung und Wissen pr\u00e4zis in allen, auch sehr komplexen, Transportfragen zu unterst\u00fctzen, so dass sie sich ohne unn\u00f6tigen Stress auf ihre Kernprozesse fokussieren k\u00f6nnen. Heute k\u00f6nnen wir unsere Kunden mit hochwertigen logistischen Dienstleistungen und verantwortungsvoller Arbeit begeistern.<\/p>\n<p style=\"text-align: center;\">Wir bieten den Unternehmen aller Branchen eine sichere und termingerechte Bef\u00f6rderung ihrerbWare innerhalb Europa zu marktgerechten Preisen an. Auch die Waren mit spezifischen Anforderungen sind bei uns in guten H\u00e4nden. Um den hohen Qualit\u00e4tsstandards zu entsprechen, stellt unsere Gesch\u00e4ftsf\u00fchrung alle notwendigen Mittel daf\u00fcr bereit.<\/p>\n<p style=\"text-align: center;\">Das kompetente, qualifizierte und freundliche Personal ist f\u00fcr unser Unternehmen selbstverst\u00e4ndlich. Das wird durch regelm\u00e4\u00dfige Schulungen, Weiterbildungen und Teambuilding-Ma\u00dfnahmen gew\u00e4hrleistet.<\/p>\n<p>[\/vc_column_text][\/vc_column][vc_column width=&#8220;1\/6&#8243;][\/vc_column][\/vc_row][vc_row type=&#8220;1&#8243; css_animation=&#8220;element_from_fade&#8220; padding_top=&#8220;100&#8243; padding_bottom=&#8220;50&#8243; background_color=&#8220;#333333&#8243;][vc_column][vc_column_text css=&#8220;.vc_custom_1670327368964{margin-bottom: 50px !important;}&#8220;]<\/p>\n<h2 style=\"text-align: center;\">Erfolge erzielt<\/h2>\n<p>[\/vc_column_text][vc_row_inner][vc_column_inner width=&#8220;1\/2&#8243;][vc_column_text]<\/p>\n<h3 style=\"text-align: center;\">Hohe Qualit\u00e4t-Standards<\/h3>\n<p style=\"text-align: center;\">Das Qualit\u00e4tsmanagementsystem-Zertifikat ISO 9001 : 2015 best\u00e4tigt die \u00dcbereinstimmung der Qualit\u00e4t unserer Dienstleistungen mit den internationalen Anforderungen. Qualit\u00e4t und Zuverl\u00e4ssigkeit sind die zwei wichtigsten Grundlagen unseres Handelns, das haben wir nicht zuletzt auch durch hohe Prozesstransparenz nach klaren Vorgaben erreicht. Das wissen unsere Kunden zu sch\u00e4tzen!<\/p>\n<p>[\/vc_column_text][vc_single_image image=&#8220;234&#8243; alignment=&#8220;center&#8220;]<style type=\"text\/css\" data-type=\"the7_shortcodes-inline-css\">#default-btn-15c119125d15c8ae3277d57be4b53c4e.ico-right-side > i {\n  margin-right: 0px;\n  margin-left: 8px;\n}\n#default-btn-15c119125d15c8ae3277d57be4b53c4e > i {\n  margin-right: 8px;\n}\n<\/style><div class=\"btn-align-center\"><a href=\"https:\/\/isdb.sk\/wp-content\/uploads\/2017\/09\/SK.pdf\" class=\"default-btn-shortcode dt-btn dt-btn-m link-hover-off  vc_custom_1670326034224\" id=\"default-btn-15c119125d15c8ae3277d57be4b53c4e\"><span>Zertifikat<\/span><\/a><\/div>[\/vc_column_inner][vc_column_inner width=&#8220;1\/2&#8243;][vc_column_text]<\/p>\n<h3 style=\"text-align: center;\">Finanziell stabiles Unternehmen<\/h3>\n<p style=\"text-align: center;\">Wir geh\u00f6ren zu den erfolgreichsten Unternehmen in der Slowakei. Daf\u00fcr wurde ISDB mit einem Zertifikat ausgezeichnet und wir sind stolz auf unser Unternehmen. Der Anteil der Betriebe, die diesen Beurteilungskriterien entsprechen, bildet nur 4,4% der gesamten 110.336 bewerteten gewerblichen Unternehmen.<\/p>\n<p>[\/vc_column_text][vc_single_image image=&#8220;228&#8243; alignment=&#8220;center&#8220;]<style type=\"text\/css\" data-type=\"the7_shortcodes-inline-css\">#default-btn-744c083bf9129a2fed3fb065b33103b5.ico-right-side > i {\n  margin-right: 0px;\n  margin-left: 8px;\n}\n#default-btn-744c083bf9129a2fed3fb065b33103b5 > i {\n  margin-right: 8px;\n}\n<\/style><div class=\"btn-align-center\"><a href=\"https:\/\/isdb.sk\/wp-content\/uploads\/2017\/02\/Protokol_stabilita_SME-I.S.D.B.-s.r.o.-.pdf\" class=\"default-btn-shortcode dt-btn dt-btn-m link-hover-off  vc_custom_1670326067868\" id=\"default-btn-744c083bf9129a2fed3fb065b33103b5\"><span>Zertifikat<\/span><\/a><\/div>[\/vc_column_inner][\/vc_row_inner][\/vc_column][\/vc_row][vc_row margin_top=&#8220;100&#8243; margin_bottom=&#8220;100&#8243; row_type=&#8220;parallax&#8220; background_image=&#8220;188&#8243;][vc_column][vc_icon icon_fontawesome=&#8220;fas fa-leaf&#8220; color=&#8220;custom&#8220; size=&#8220;lg&#8220; align=&#8220;center&#8220; css_animation=&#8220;fadeIn&#8220; custom_color=&#8220;#007aff&#8220;][vc_column_text]<\/p>\n<h2 style=\"text-align: center;\">Firmenphilosophie<\/h2>\n<p>[\/vc_column_text][vc_column_text]\u201eBegeistern durch exzellenten Service\u201c \u2013 dieses Motto ist f\u00fcr unser Handeln bestimmend, garantiert uns seit mehr als 10 Jahren eine hohe Kundenzufriedenheit und somit den Erfolg unseres Unternehmens.<\/p>\n<p>ISDB Philosophie findet sich in folgenden S\u00e4tzen wieder und wird tagt\u00e4glich von unserem gesamten Team gelebt.<\/p>\n<ul>\n<li>Nichts ist unm\u00f6glich! Unsere erfahrenen und qualifizierten Mitarbeiter bieten eine individuelle L\u00f6sung jedem Kunden und ber\u00fccksichtigen aller Anforderungen und Spezifit\u00e4ten der Waren. Wir einen schnellen, effizienten und qualitativ hochwertigen Service.<\/li>\n<li>Qualifikation und Know-how unserer Mitarbeiter sind unser wertvollstes Kapital, nur mit ihrem Wissen k\u00f6nnen wir die reibungslosen Transportabl\u00e4ufe kontinuierlich sichern.<\/li>\n<li>Eine einfache und klare Struktur der Arbeits- und Prozessabl\u00e4ufe ist uns wichtig, als Unterst\u00fctzung daf\u00fcr haben wir ein funktionierendes Qualit\u00e4tsmanagement nach der ISO 9001:2015 aufgebaut.<\/li>\n<li>Wir sind im wahrsten Sinne des Wortes rund um die Uhr f\u00fcr unsere Kunden im Einsatz. Wir k\u00f6nnen jederzeit unserem Kunden die genaue Auskunft \u00fcber die Lage und den Stand seiner Sendung geben.<\/li>\n<li>Unser Ziel ist unsere Kunden, die uns ihre Treue und Vertrauen schenken durch unsere Erfahrung und Wissen pr\u00e4zis in allen, auch sehr komplexen, Transportfragen zu unterst\u00fctzen, so dass sie sich ohne unn\u00f6tigen Stress auf ihre Kernprozesse fokussieren k\u00f6nnen.<\/li>\n<\/ul>\n<p>[\/vc_column_text][\/vc_column][\/vc_row]<\/p>\n<\/div>","protected":false},"excerpt":{"rendered":"<p>[vc_row css_animation=&#8220;element_from_fade&#8220; margin_bottom=&#8220;50&#8243; css=&#8220;.vc_custom_1669293807608{margin-bottom: 100px !important;}&#8220;][vc_column width=&#8220;1\/6&#8243;][\/vc_column][vc_column width=&#8220;2\/3&#8243;][vc_column_text] \u00dcber I.S.D.B. s.r.o. Die Spedition I.S.D.B s.r.o in Michalovce wurde im Jahr 2005 gegr\u00fcndet. Unsere weitere unabh\u00e4ngige Standorte befinden sich in Friedrichshafen, Deutschland (ISDB Logistik GmbH) und in Zagreb, Kroatien (ISDB Medunardondna spedicija d.o.o.). Unser Ziel ist unsere Kunden, die uns ihre Treue und Vertrauen schenken durch&hellip;<\/p>\n","protected":false},"author":1,"featured_media":0,"parent":0,"menu_order":0,"comment_status":"closed","ping_status":"closed","template":"","meta":{"footnotes":""},"class_list":["post-261","page","type-page","status-publish","hentry","description-off"],"yoast_head":"<!-- This site is optimized with the Yoast SEO plugin v24.3 - https:\/\/yoast.com\/wordpress\/plugins\/seo\/ -->\n<title>\u00dcber uns - ISDB<\/title>\n<meta name=\"robots\" content=\"index, follow, max-snippet:-1, max-image-preview:large, max-video-preview:-1\" \/>\n<link rel=\"canonical\" href=\"https:\/\/isdb.sk\/de\/ueber-uns\/\" \/>\n<meta property=\"og:locale\" content=\"de_DE\" \/>\n<meta property=\"og:type\" content=\"article\" \/>\n<meta property=\"og:title\" content=\"\u00dcber uns - ISDB\" \/>\n<meta property=\"og:description\" content=\"[vc_row css_animation=&#8220;element_from_fade&#8220; margin_bottom=&#8220;50&#8243; css=&#8220;.vc_custom_1669293807608{margin-bottom: 100px !important;}&#8220;][vc_column width=&#8220;1\/6&#8243;][\/vc_column][vc_column width=&#8220;2\/3&#8243;][vc_column_text] \u00dcber I.S.D.B. s.r.o. Die Spedition I.S.D.B s.r.o in Michalovce wurde im Jahr 2005 gegr\u00fcndet. Unsere weitere unabh\u00e4ngige Standorte befinden sich in Friedrichshafen, Deutschland (ISDB Logistik GmbH) und in Zagreb, Kroatien (ISDB Medunardondna spedicija d.o.o.). Unser Ziel ist unsere Kunden, die uns ihre Treue und Vertrauen schenken durch&hellip;\" \/>\n<meta property=\"og:url\" content=\"https:\/\/isdb.sk\/de\/ueber-uns\/\" \/>\n<meta property=\"og:site_name\" content=\"ISDB\" \/>\n<meta property=\"article:modified_time\" content=\"2025-01-29T16:51:31+00:00\" \/>\n<meta name=\"twitter:card\" content=\"summary_large_image\" \/>\n<meta name=\"twitter:label1\" content=\"Gesch\u00e4tzte Lesezeit\" \/>\n\t<meta name=\"twitter:data1\" content=\"4\u00a0Minuten\" \/>\n<script type=\"application\/ld+json\" class=\"yoast-schema-graph\">{\"@context\":\"https:\/\/schema.org\",\"@graph\":[{\"@type\":\"WebPage\",\"@id\":\"https:\/\/isdb.sk\/de\/ueber-uns\/\",\"url\":\"https:\/\/isdb.sk\/de\/ueber-uns\/\",\"name\":\"\u00dcber uns - ISDB\",\"isPartOf\":{\"@id\":\"https:\/\/isdb.sk\/#website\"},\"datePublished\":\"2017-02-13T19:14:33+00:00\",\"dateModified\":\"2025-01-29T16:51:31+00:00\",\"breadcrumb\":{\"@id\":\"https:\/\/isdb.sk\/de\/ueber-uns\/#breadcrumb\"},\"inLanguage\":\"de\",\"potentialAction\":[{\"@type\":\"ReadAction\",\"target\":[\"https:\/\/isdb.sk\/de\/ueber-uns\/\"]}]},{\"@type\":\"BreadcrumbList\",\"@id\":\"https:\/\/isdb.sk\/de\/ueber-uns\/#breadcrumb\",\"itemListElement\":[{\"@type\":\"ListItem\",\"position\":1,\"name\":\"Domovsk\u00e1 str\u00e1nka\",\"item\":\"https:\/\/isdb.sk\/de\/\"},{\"@type\":\"ListItem\",\"position\":2,\"name\":\"\u00dcber uns\"}]},{\"@type\":\"WebSite\",\"@id\":\"https:\/\/isdb.sk\/#website\",\"url\":\"https:\/\/isdb.sk\/\",\"name\":\"ISDB\",\"description\":\"Medzin\u00e1rodn\u00e1 \u0161ped\u00edcia\",\"publisher\":{\"@id\":\"https:\/\/isdb.sk\/#organization\"},\"potentialAction\":[{\"@type\":\"SearchAction\",\"target\":{\"@type\":\"EntryPoint\",\"urlTemplate\":\"https:\/\/isdb.sk\/?s={search_term_string}\"},\"query-input\":{\"@type\":\"PropertyValueSpecification\",\"valueRequired\":true,\"valueName\":\"search_term_string\"}}],\"inLanguage\":\"de\"},{\"@type\":\"Organization\",\"@id\":\"https:\/\/isdb.sk\/#organization\",\"name\":\"I.S.D.B. s.r.o.,\",\"url\":\"https:\/\/isdb.sk\/\",\"logo\":{\"@type\":\"ImageObject\",\"inLanguage\":\"de\",\"@id\":\"https:\/\/isdb.sk\/#\/schema\/logo\/image\/\",\"url\":\"https:\/\/isdb.sk\/wp-content\/uploads\/2017\/01\/Logo-ISDB-1.png\",\"contentUrl\":\"https:\/\/isdb.sk\/wp-content\/uploads\/2017\/01\/Logo-ISDB-1.png\",\"width\":801,\"height\":387,\"caption\":\"I.S.D.B. s.r.o.,\"},\"image\":{\"@id\":\"https:\/\/isdb.sk\/#\/schema\/logo\/image\/\"}}]}<\/script>\n<!-- \/ Yoast SEO plugin. -->","yoast_head_json":{"title":"\u00dcber uns - ISDB","robots":{"index":"index","follow":"follow","max-snippet":"max-snippet:-1","max-image-preview":"max-image-preview:large","max-video-preview":"max-video-preview:-1"},"canonical":"https:\/\/isdb.sk\/de\/ueber-uns\/","og_locale":"de_DE","og_type":"article","og_title":"\u00dcber uns - ISDB","og_description":"[vc_row css_animation=&#8220;element_from_fade&#8220; margin_bottom=&#8220;50&#8243; css=&#8220;.vc_custom_1669293807608{margin-bottom: 100px !important;}&#8220;][vc_column width=&#8220;1\/6&#8243;][\/vc_column][vc_column width=&#8220;2\/3&#8243;][vc_column_text] \u00dcber I.S.D.B. s.r.o. Die Spedition I.S.D.B s.r.o in Michalovce wurde im Jahr 2005 gegr\u00fcndet. Unsere weitere unabh\u00e4ngige Standorte befinden sich in Friedrichshafen, Deutschland (ISDB Logistik GmbH) und in Zagreb, Kroatien (ISDB Medunardondna spedicija d.o.o.). Unser Ziel ist unsere Kunden, die uns ihre Treue und Vertrauen schenken durch&hellip;","og_url":"https:\/\/isdb.sk\/de\/ueber-uns\/","og_site_name":"ISDB","article_modified_time":"2025-01-29T16:51:31+00:00","twitter_card":"summary_large_image","twitter_misc":{"Gesch\u00e4tzte Lesezeit":"4\u00a0Minuten"},"schema":{"@context":"https:\/\/schema.org","@graph":[{"@type":"WebPage","@id":"https:\/\/isdb.sk\/de\/ueber-uns\/","url":"https:\/\/isdb.sk\/de\/ueber-uns\/","name":"\u00dcber uns - ISDB","isPartOf":{"@id":"https:\/\/isdb.sk\/#website"},"datePublished":"2017-02-13T19:14:33+00:00","dateModified":"2025-01-29T16:51:31+00:00","breadcrumb":{"@id":"https:\/\/isdb.sk\/de\/ueber-uns\/#breadcrumb"},"inLanguage":"de","potentialAction":[{"@type":"ReadAction","target":["https:\/\/isdb.sk\/de\/ueber-uns\/"]}]},{"@type":"BreadcrumbList","@id":"https:\/\/isdb.sk\/de\/ueber-uns\/#breadcrumb","itemListElement":[{"@type":"ListItem","position":1,"name":"Domovsk\u00e1 str\u00e1nka","item":"https:\/\/isdb.sk\/de\/"},{"@type":"ListItem","position":2,"name":"\u00dcber uns"}]},{"@type":"WebSite","@id":"https:\/\/isdb.sk\/#website","url":"https:\/\/isdb.sk\/","name":"ISDB","description":"Medzin\u00e1rodn\u00e1 \u0161ped\u00edcia","publisher":{"@id":"https:\/\/isdb.sk\/#organization"},"potentialAction":[{"@type":"SearchAction","target":{"@type":"EntryPoint","urlTemplate":"https:\/\/isdb.sk\/?s={search_term_string}"},"query-input":{"@type":"PropertyValueSpecification","valueRequired":true,"valueName":"search_term_string"}}],"inLanguage":"de"},{"@type":"Organization","@id":"https:\/\/isdb.sk\/#organization","name":"I.S.D.B. s.r.o.,","url":"https:\/\/isdb.sk\/","logo":{"@type":"ImageObject","inLanguage":"de","@id":"https:\/\/isdb.sk\/#\/schema\/logo\/image\/","url":"https:\/\/isdb.sk\/wp-content\/uploads\/2017\/01\/Logo-ISDB-1.png","contentUrl":"https:\/\/isdb.sk\/wp-content\/uploads\/2017\/01\/Logo-ISDB-1.png","width":801,"height":387,"caption":"I.S.D.B. s.r.o.,"},"image":{"@id":"https:\/\/isdb.sk\/#\/schema\/logo\/image\/"}}]}},"_links":{"self":[{"href":"https:\/\/isdb.sk\/de\/wp-json\/wp\/v2\/pages\/261","targetHints":{"allow":["GET"]}}],"collection":[{"href":"https:\/\/isdb.sk\/de\/wp-json\/wp\/v2\/pages"}],"about":[{"href":"https:\/\/isdb.sk\/de\/wp-json\/wp\/v2\/types\/page"}],"author":[{"embeddable":true,"href":"https:\/\/isdb.sk\/de\/wp-json\/wp\/v2\/users\/1"}],"replies":[{"embeddable":true,"href":"https:\/\/isdb.sk\/de\/wp-json\/wp\/v2\/comments?post=261"}],"version-history":[{"count":8,"href":"https:\/\/isdb.sk\/de\/wp-json\/wp\/v2\/pages\/261\/revisions"}],"predecessor-version":[{"id":882,"href":"https:\/\/isdb.sk\/de\/wp-json\/wp\/v2\/pages\/261\/revisions\/882"}],"wp:attachment":[{"href":"https:\/\/isdb.sk\/de\/wp-json\/wp\/v2\/media?parent=261"}],"curies":[{"name":"wp","href":"https:\/\/api.w.org\/{rel}","templated":true}]}}