{"id":265,"date":"2017-02-13T20:20:20","date_gmt":"2017-02-13T19:20:20","guid":{"rendered":"http:\/\/nova.isdb.sk\/?page_id=265\/"},"modified":"2022-12-06T12:33:51","modified_gmt":"2022-12-06T11:33:51","slug":"service","status":"publish","type":"page","link":"https:\/\/isdb.sk\/de\/service\/","title":{"rendered":"Dienstleistungen"},"content":{"rendered":"<div class=\"wpb-content-wrapper\"><p>[vc_row type=&#8220;1&#8243; content_placement=&#8220;middle&#8220; padding_top=&#8220;100&#8243; padding_bottom=&#8220;100&#8243;][vc_column][vc_row_inner equal_height=&#8220;yes&#8220; content_placement=&#8220;middle&#8220;][vc_column_inner width=&#8220;1\/4&#8243;][vc_icon icon_fontawesome=&#8220;fas fa-truck&#8220; color=&#8220;custom&#8220; size=&#8220;xl&#8220; align=&#8220;center&#8220; css_animation=&#8220;fadeInLeft&#8220; custom_color=&#8220;#ffffff&#8220;][vc_column_text]<\/p>\n<h3 class=\"service_title\" style=\"text-align: center;\">Wir sind Spezialist f\u00fcr Europa-LKW-Transporte<\/h3>\n<p>[\/vc_column_text][\/vc_column_inner][vc_column_inner width=&#8220;3\/4&#8243;]<div class=\"standard-arrow list-divider\"><ul>\n<li>Komplett- \/ Teilladungen<\/li>\n<li>HVC \u2013 Transporte mit hohem Warenwert<\/li>\n<li>ADR- \/ Gefahrgut-Transporte<\/li>\n<li>Temperierte K\u00fchltransporte<\/li>\n<li>Schwer- \/Sondertransporte<\/li>\n<li>Expresstransporte und Sonderfahrten<\/li>\n<li>\u201eJust in Time\u201c \u2013 Lieferungen<\/li>\n<\/ul>\n<\/div>[\/vc_column_inner][\/vc_row_inner][\/vc_column][\/vc_row][vc_row margin_top=&#8220;50&#8243; margin_bottom=&#8220;50&#8243;][vc_column][vc_row_inner equal_height=&#8220;yes&#8220; content_placement=&#8220;middle&#8220;][vc_column_inner width=&#8220;1\/4&#8243;]<div class=\"ult-spacer spacer-69eccf6fd469b\" data-id=\"69eccf6fd469b\" data-height=\"0\" data-height-mobile=\"50\" data-height-tab=\"0\" data-height-tab-portrait=\"0\" data-height-mobile-landscape=\"50\" style=\"clear:both;display:block;\"><\/div>[vc_icon icon_fontawesome=&#8220;fas fa-cogs&#8220; color=&#8220;custom&#8220; size=&#8220;xl&#8220; align=&#8220;center&#8220; css_animation=&#8220;fadeInLeft&#8220; custom_color=&#8220;#007aff&#8220;][vc_column_text]<\/p>\n<h3 class=\"service_title\" style=\"text-align: center;\">Unser Service f\u00fcr unsere Kunden<\/h3>\n<p>[\/vc_column_text][\/vc_column_inner][vc_column_inner width=&#8220;3\/4&#8243;]<div class=\"standard-arrow list-divider\"><ul>\n<li>Transport\u00fcberwachung<\/li>\n<li>Verl\u00e4ssliche Fahrer mit Sprachkenntnissen<\/li>\n<li>Permanenter Informationsaustausch<\/li>\n<li>Erreichbarkeit unseres Teams rund um die Uhr<\/li>\n<li>Schneller Preisauskunft und transparenter Kostenvoranschlag<\/li>\n<\/ul>\n<\/div>[\/vc_column_inner][\/vc_row_inner][\/vc_column][\/vc_row][vc_row type=&#8220;2&#8243; padding_top=&#8220;100&#8243; padding_bottom=&#8220;100&#8243;][vc_column][vc_row_inner equal_height=&#8220;yes&#8220; content_placement=&#8220;middle&#8220;][vc_column_inner width=&#8220;1\/4&#8243;][vc_icon icon_fontawesome=&#8220;fas fa-file-alt&#8220; color=&#8220;custom&#8220; size=&#8220;xl&#8220; align=&#8220;center&#8220; css_animation=&#8220;fadeInLeft&#8220; custom_color=&#8220;#ffffff&#8220;][vc_column_text]<\/p>\n<h3 style=\"text-align: center;\">Services, die wir gerne auf Anfrage anbieten<\/h3>\n<p>[\/vc_column_text][\/vc_column_inner][vc_column_inner width=&#8220;3\/4&#8243;]<div class=\"standard-arrow list-divider\"><ul>\n<li>Verzollungsorganisation<\/li>\n<li>Zwei-Fahrer-Besatzung<\/li>\n<li>Transportversicherung<\/li>\n<li>Sicherheit durch Begleitschutz<\/li>\n<\/ul>\n<\/div>[\/vc_column_inner][\/vc_row_inner][\/vc_column][\/vc_row]<\/p>\n<\/div>","protected":false},"excerpt":{"rendered":"<p>[vc_row type=&#8220;1&#8243; content_placement=&#8220;middle&#8220; padding_top=&#8220;100&#8243; padding_bottom=&#8220;100&#8243;][vc_column][vc_row_inner equal_height=&#8220;yes&#8220; content_placement=&#8220;middle&#8220;][vc_column_inner width=&#8220;1\/4&#8243;][vc_icon icon_fontawesome=&#8220;fas fa-truck&#8220; color=&#8220;custom&#8220; size=&#8220;xl&#8220; align=&#8220;center&#8220; css_animation=&#8220;fadeInLeft&#8220; custom_color=&#8220;#ffffff&#8220;][vc_column_text] Wir sind Spezialist f\u00fcr Europa-LKW-Transporte [\/vc_column_text][\/vc_column_inner][vc_column_inner width=&#8220;3\/4&#8243;][\/vc_column_inner][\/vc_row_inner][\/vc_column][\/vc_row][vc_row margin_top=&#8220;50&#8243; margin_bottom=&#8220;50&#8243;][vc_column][vc_row_inner equal_height=&#8220;yes&#8220; content_placement=&#8220;middle&#8220;][vc_column_inner width=&#8220;1\/4&#8243;][vc_icon icon_fontawesome=&#8220;fas fa-cogs&#8220; color=&#8220;custom&#8220; size=&#8220;xl&#8220; align=&#8220;center&#8220; css_animation=&#8220;fadeInLeft&#8220; custom_color=&#8220;#007aff&#8220;][vc_column_text] Unser Service f\u00fcr unsere Kunden [\/vc_column_text][\/vc_column_inner][vc_column_inner width=&#8220;3\/4&#8243;][\/vc_column_inner][\/vc_row_inner][\/vc_column][\/vc_row][vc_row type=&#8220;2&#8243; padding_top=&#8220;100&#8243; padding_bottom=&#8220;100&#8243;][vc_column][vc_row_inner equal_height=&#8220;yes&#8220; content_placement=&#8220;middle&#8220;][vc_column_inner width=&#8220;1\/4&#8243;][vc_icon icon_fontawesome=&#8220;fas fa-file-alt&#8220; color=&#8220;custom&#8220; size=&#8220;xl&#8220; align=&#8220;center&#8220; css_animation=&#8220;fadeInLeft&#8220; custom_color=&#8220;#ffffff&#8220;][vc_column_text] Services,&hellip;<\/p>\n","protected":false},"author":1,"featured_media":0,"parent":0,"menu_order":0,"comment_status":"closed","ping_status":"closed","template":"","meta":{"footnotes":""},"class_list":["post-265","page","type-page","status-publish","hentry","description-off"],"yoast_head":"<!-- This site is optimized with the Yoast SEO plugin v24.3 - https:\/\/yoast.com\/wordpress\/plugins\/seo\/ -->\n<title>Dienstleistungen - ISDB<\/title>\n<meta name=\"robots\" content=\"index, follow, max-snippet:-1, max-image-preview:large, max-video-preview:-1\" \/>\n<link rel=\"canonical\" href=\"https:\/\/isdb.sk\/de\/service\/\" \/>\n<meta property=\"og:locale\" content=\"de_DE\" \/>\n<meta property=\"og:type\" content=\"article\" \/>\n<meta property=\"og:title\" content=\"Dienstleistungen - ISDB\" \/>\n<meta property=\"og:description\" content=\"[vc_row type=&#8220;1&#8243; content_placement=&#8220;middle&#8220; padding_top=&#8220;100&#8243; padding_bottom=&#8220;100&#8243;][vc_column][vc_row_inner equal_height=&#8220;yes&#8220; content_placement=&#8220;middle&#8220;][vc_column_inner width=&#8220;1\/4&#8243;][vc_icon icon_fontawesome=&#8220;fas fa-truck&#8220; color=&#8220;custom&#8220; size=&#8220;xl&#8220; align=&#8220;center&#8220; css_animation=&#8220;fadeInLeft&#8220; custom_color=&#8220;#ffffff&#8220;][vc_column_text] Wir sind Spezialist f\u00fcr Europa-LKW-Transporte [\/vc_column_text][\/vc_column_inner][vc_column_inner width=&#8220;3\/4&#8243;][\/vc_column_inner][\/vc_row_inner][\/vc_column][\/vc_row][vc_row margin_top=&#8220;50&#8243; margin_bottom=&#8220;50&#8243;][vc_column][vc_row_inner equal_height=&#8220;yes&#8220; content_placement=&#8220;middle&#8220;][vc_column_inner width=&#8220;1\/4&#8243;][vc_icon icon_fontawesome=&#8220;fas fa-cogs&#8220; color=&#8220;custom&#8220; size=&#8220;xl&#8220; align=&#8220;center&#8220; css_animation=&#8220;fadeInLeft&#8220; custom_color=&#8220;#007aff&#8220;][vc_column_text] Unser Service f\u00fcr unsere Kunden [\/vc_column_text][\/vc_column_inner][vc_column_inner width=&#8220;3\/4&#8243;][\/vc_column_inner][\/vc_row_inner][\/vc_column][\/vc_row][vc_row type=&#8220;2&#8243; padding_top=&#8220;100&#8243; padding_bottom=&#8220;100&#8243;][vc_column][vc_row_inner equal_height=&#8220;yes&#8220; content_placement=&#8220;middle&#8220;][vc_column_inner width=&#8220;1\/4&#8243;][vc_icon icon_fontawesome=&#8220;fas fa-file-alt&#8220; color=&#8220;custom&#8220; size=&#8220;xl&#8220; align=&#8220;center&#8220; css_animation=&#8220;fadeInLeft&#8220; custom_color=&#8220;#ffffff&#8220;][vc_column_text] Services,&hellip;\" \/>\n<meta property=\"og:url\" content=\"https:\/\/isdb.sk\/de\/service\/\" \/>\n<meta property=\"og:site_name\" content=\"ISDB\" \/>\n<meta property=\"article:modified_time\" content=\"2022-12-06T11:33:51+00:00\" \/>\n<meta name=\"twitter:card\" content=\"summary_large_image\" \/>\n<meta name=\"twitter:label1\" content=\"Gesch\u00e4tzte Lesezeit\" \/>\n\t<meta name=\"twitter:data1\" content=\"1\u00a0Minute\" \/>\n<script type=\"application\/ld+json\" class=\"yoast-schema-graph\">{\"@context\":\"https:\/\/schema.org\",\"@graph\":[{\"@type\":\"WebPage\",\"@id\":\"https:\/\/isdb.sk\/de\/service\/\",\"url\":\"https:\/\/isdb.sk\/de\/service\/\",\"name\":\"Dienstleistungen - ISDB\",\"isPartOf\":{\"@id\":\"https:\/\/isdb.sk\/#website\"},\"datePublished\":\"2017-02-13T19:20:20+00:00\",\"dateModified\":\"2022-12-06T11:33:51+00:00\",\"breadcrumb\":{\"@id\":\"https:\/\/isdb.sk\/de\/service\/#breadcrumb\"},\"inLanguage\":\"de\",\"potentialAction\":[{\"@type\":\"ReadAction\",\"target\":[\"https:\/\/isdb.sk\/de\/service\/\"]}]},{\"@type\":\"BreadcrumbList\",\"@id\":\"https:\/\/isdb.sk\/de\/service\/#breadcrumb\",\"itemListElement\":[{\"@type\":\"ListItem\",\"position\":1,\"name\":\"Domovsk\u00e1 str\u00e1nka\",\"item\":\"https:\/\/isdb.sk\/de\/\"},{\"@type\":\"ListItem\",\"position\":2,\"name\":\"Dienstleistungen\"}]},{\"@type\":\"WebSite\",\"@id\":\"https:\/\/isdb.sk\/#website\",\"url\":\"https:\/\/isdb.sk\/\",\"name\":\"ISDB\",\"description\":\"Medzin\u00e1rodn\u00e1 \u0161ped\u00edcia\",\"publisher\":{\"@id\":\"https:\/\/isdb.sk\/#organization\"},\"potentialAction\":[{\"@type\":\"SearchAction\",\"target\":{\"@type\":\"EntryPoint\",\"urlTemplate\":\"https:\/\/isdb.sk\/?s={search_term_string}\"},\"query-input\":{\"@type\":\"PropertyValueSpecification\",\"valueRequired\":true,\"valueName\":\"search_term_string\"}}],\"inLanguage\":\"de\"},{\"@type\":\"Organization\",\"@id\":\"https:\/\/isdb.sk\/#organization\",\"name\":\"I.S.D.B. s.r.o.,\",\"url\":\"https:\/\/isdb.sk\/\",\"logo\":{\"@type\":\"ImageObject\",\"inLanguage\":\"de\",\"@id\":\"https:\/\/isdb.sk\/#\/schema\/logo\/image\/\",\"url\":\"https:\/\/isdb.sk\/wp-content\/uploads\/2017\/01\/Logo-ISDB-1.png\",\"contentUrl\":\"https:\/\/isdb.sk\/wp-content\/uploads\/2017\/01\/Logo-ISDB-1.png\",\"width\":801,\"height\":387,\"caption\":\"I.S.D.B. s.r.o.,\"},\"image\":{\"@id\":\"https:\/\/isdb.sk\/#\/schema\/logo\/image\/\"}}]}<\/script>\n<!-- \/ Yoast SEO plugin. -->","yoast_head_json":{"title":"Dienstleistungen - ISDB","robots":{"index":"index","follow":"follow","max-snippet":"max-snippet:-1","max-image-preview":"max-image-preview:large","max-video-preview":"max-video-preview:-1"},"canonical":"https:\/\/isdb.sk\/de\/service\/","og_locale":"de_DE","og_type":"article","og_title":"Dienstleistungen - ISDB","og_description":"[vc_row type=&#8220;1&#8243; content_placement=&#8220;middle&#8220; padding_top=&#8220;100&#8243; padding_bottom=&#8220;100&#8243;][vc_column][vc_row_inner equal_height=&#8220;yes&#8220; content_placement=&#8220;middle&#8220;][vc_column_inner width=&#8220;1\/4&#8243;][vc_icon icon_fontawesome=&#8220;fas fa-truck&#8220; color=&#8220;custom&#8220; size=&#8220;xl&#8220; align=&#8220;center&#8220; css_animation=&#8220;fadeInLeft&#8220; custom_color=&#8220;#ffffff&#8220;][vc_column_text] Wir sind Spezialist f\u00fcr Europa-LKW-Transporte [\/vc_column_text][\/vc_column_inner][vc_column_inner width=&#8220;3\/4&#8243;][\/vc_column_inner][\/vc_row_inner][\/vc_column][\/vc_row][vc_row margin_top=&#8220;50&#8243; margin_bottom=&#8220;50&#8243;][vc_column][vc_row_inner equal_height=&#8220;yes&#8220; content_placement=&#8220;middle&#8220;][vc_column_inner width=&#8220;1\/4&#8243;][vc_icon icon_fontawesome=&#8220;fas fa-cogs&#8220; color=&#8220;custom&#8220; size=&#8220;xl&#8220; align=&#8220;center&#8220; css_animation=&#8220;fadeInLeft&#8220; custom_color=&#8220;#007aff&#8220;][vc_column_text] Unser Service f\u00fcr unsere Kunden [\/vc_column_text][\/vc_column_inner][vc_column_inner width=&#8220;3\/4&#8243;][\/vc_column_inner][\/vc_row_inner][\/vc_column][\/vc_row][vc_row type=&#8220;2&#8243; padding_top=&#8220;100&#8243; padding_bottom=&#8220;100&#8243;][vc_column][vc_row_inner equal_height=&#8220;yes&#8220; content_placement=&#8220;middle&#8220;][vc_column_inner width=&#8220;1\/4&#8243;][vc_icon icon_fontawesome=&#8220;fas fa-file-alt&#8220; color=&#8220;custom&#8220; size=&#8220;xl&#8220; align=&#8220;center&#8220; css_animation=&#8220;fadeInLeft&#8220; custom_color=&#8220;#ffffff&#8220;][vc_column_text] Services,&hellip;","og_url":"https:\/\/isdb.sk\/de\/service\/","og_site_name":"ISDB","article_modified_time":"2022-12-06T11:33:51+00:00","twitter_card":"summary_large_image","twitter_misc":{"Gesch\u00e4tzte Lesezeit":"1\u00a0Minute"},"schema":{"@context":"https:\/\/schema.org","@graph":[{"@type":"WebPage","@id":"https:\/\/isdb.sk\/de\/service\/","url":"https:\/\/isdb.sk\/de\/service\/","name":"Dienstleistungen - ISDB","isPartOf":{"@id":"https:\/\/isdb.sk\/#website"},"datePublished":"2017-02-13T19:20:20+00:00","dateModified":"2022-12-06T11:33:51+00:00","breadcrumb":{"@id":"https:\/\/isdb.sk\/de\/service\/#breadcrumb"},"inLanguage":"de","potentialAction":[{"@type":"ReadAction","target":["https:\/\/isdb.sk\/de\/service\/"]}]},{"@type":"BreadcrumbList","@id":"https:\/\/isdb.sk\/de\/service\/#breadcrumb","itemListElement":[{"@type":"ListItem","position":1,"name":"Domovsk\u00e1 str\u00e1nka","item":"https:\/\/isdb.sk\/de\/"},{"@type":"ListItem","position":2,"name":"Dienstleistungen"}]},{"@type":"WebSite","@id":"https:\/\/isdb.sk\/#website","url":"https:\/\/isdb.sk\/","name":"ISDB","description":"Medzin\u00e1rodn\u00e1 \u0161ped\u00edcia","publisher":{"@id":"https:\/\/isdb.sk\/#organization"},"potentialAction":[{"@type":"SearchAction","target":{"@type":"EntryPoint","urlTemplate":"https:\/\/isdb.sk\/?s={search_term_string}"},"query-input":{"@type":"PropertyValueSpecification","valueRequired":true,"valueName":"search_term_string"}}],"inLanguage":"de"},{"@type":"Organization","@id":"https:\/\/isdb.sk\/#organization","name":"I.S.D.B. s.r.o.,","url":"https:\/\/isdb.sk\/","logo":{"@type":"ImageObject","inLanguage":"de","@id":"https:\/\/isdb.sk\/#\/schema\/logo\/image\/","url":"https:\/\/isdb.sk\/wp-content\/uploads\/2017\/01\/Logo-ISDB-1.png","contentUrl":"https:\/\/isdb.sk\/wp-content\/uploads\/2017\/01\/Logo-ISDB-1.png","width":801,"height":387,"caption":"I.S.D.B. s.r.o.,"},"image":{"@id":"https:\/\/isdb.sk\/#\/schema\/logo\/image\/"}}]}},"_links":{"self":[{"href":"https:\/\/isdb.sk\/de\/wp-json\/wp\/v2\/pages\/265","targetHints":{"allow":["GET"]}}],"collection":[{"href":"https:\/\/isdb.sk\/de\/wp-json\/wp\/v2\/pages"}],"about":[{"href":"https:\/\/isdb.sk\/de\/wp-json\/wp\/v2\/types\/page"}],"author":[{"embeddable":true,"href":"https:\/\/isdb.sk\/de\/wp-json\/wp\/v2\/users\/1"}],"replies":[{"embeddable":true,"href":"https:\/\/isdb.sk\/de\/wp-json\/wp\/v2\/comments?post=265"}],"version-history":[{"count":3,"href":"https:\/\/isdb.sk\/de\/wp-json\/wp\/v2\/pages\/265\/revisions"}],"predecessor-version":[{"id":749,"href":"https:\/\/isdb.sk\/de\/wp-json\/wp\/v2\/pages\/265\/revisions\/749"}],"wp:attachment":[{"href":"https:\/\/isdb.sk\/de\/wp-json\/wp\/v2\/media?parent=265"}],"curies":[{"name":"wp","href":"https:\/\/api.w.org\/{rel}","templated":true}]}}