{"id":346,"date":"2018-05-31T16:26:56","date_gmt":"2018-05-31T14:26:56","guid":{"rendered":"http:\/\/isdb.sk\/?page_id=346"},"modified":"2022-11-24T13:28:32","modified_gmt":"2022-11-24T12:28:32","slug":"datenschutz-information","status":"publish","type":"page","link":"https:\/\/isdb.sk\/de\/datenschutz-information\/","title":{"rendered":"Datenschutz-Information"},"content":{"rendered":"<p>Wir nehmen den Schutz Ihrer pers\u00f6nlichen Daten sehr ernst. Ihre Privatsph\u00e4re ist f\u00fcr uns ein wichtiges Anliegen. Wir verarbeiten Ihre personenbezogenen Daten im Einklang mit den jeweils anwendbaren gesetzlichen Datenschutzanforderungen zu den nachfolgend aufgef\u00fchrten Zwecken. Personenbezogene Daten im Sinne dieser Datenschutzinformation sind s\u00e4mtliche Informationen, die einen Bezug zu Ihrer Person aufweisen.<\/p>\n<p>&nbsp;<\/p>\n<h3><strong>Verantwortliche Stelle <\/strong><\/h3>\n<div>I.S.D.B. s.r.o.<br \/>\n\u0160tefana Kukuru 12<br \/>\n071 01 Michalovce<br \/>\nSlovensk\u00e1 Republika<\/div>\n<div><\/div>\n<div>Email:\u00a0<a href=\"mailto:maria@isdb.sk\" rel=\"noreferrer\">maria@isdb.sk<\/a><\/div>\n<div>Telefon: +421 56 6403739<\/div>\n<p>&nbsp;<\/p>\n<h3><strong>Datenschutzbeauftragter<\/strong><\/h3>\n<p>Wenn Sie Fragen oder Anmerkungen zum Datenschutz haben, k\u00f6nnen Sie auch direkt Kontakt mit unserem Datenschutzbeauftragten aufnehmen:<\/p>\n<p>&nbsp;<\/p>\n<p>Name: Maria Novakova<\/p>\n<p>Email: maria@isdb.sk<\/p>\n<p>&nbsp;<\/p>\n<h3><strong>Begriffsbestimmungen<\/strong><\/h3>\n<ul>\n<li><strong>\u00a0<\/strong>\u201e<em>Personenbezogene Daten<\/em>\u201c sind alle Informationen, die sich auf eine identifizierte oder identifizierbare nat\u00fcrliche Person (im Folgenden \u201e<em>betroffene Person<\/em>\u201c) beziehen (Art. 4 Nr. 1 DSGVO). Zu Ihren personenbezogenen Daten geh\u00f6ren Informationen wie Ihre Stammdaten (Vor- und Zuname, Adresse und Geburtsdatum), Ihre Kontaktdaten (Telefonnummer, E-Mail-Adresse), Ihre Rechnungsdaten (Bankverbindungsdaten) und Vieles mehr.<\/li>\n<li>\u201e<em>Verarbeitung<\/em>\u201c ist jeder mit oder ohne Hilfe automatisierter Verfahren ausgef\u00fchrter Vorgang oder jede solche Vorgangsreihe im Zusammenhang mit personenbezogenen Daten wie das Erheben, das Erfassen, die Organisation, das Ordnen, die Speicherung, die Anpassung oder Ver\u00e4nderung, das Auslesen, das Abfragen, die Verwendung, die Offenlegung durch \u00dcbermittlung, Verbreitung oder eine andere Form der Bereitstellung, den Abgleich oder die Verkn\u00fcpfung, die Einschr\u00e4nkung, das L\u00f6schen oder die Vernichtung.<\/li>\n<li>\u201e<em>Betroffene Person<\/em>\u201c ist jede identifizierte oder identifizierbare nat\u00fcrliche Person, deren personenbezogene Daten, von dem f\u00fcr die Verarbeitung Verantwortlichen verarbeitet werden.<\/li>\n<li><em>\u201eVerantwortlicher<\/em>\u201c ist die nat\u00fcrliche oder juristische Person, Beh\u00f6rde, Einrichtung oder andere Stelle, die allein oder gemeinsam mit anderen \u00fcber die Zwecke und Mittel der Verarbeitung von personenbezogenen Daten entscheidet. Sind die Zwecke und Mittel dieser Verarbeitung durch das Unionsrecht oder das Recht der Mitgliedstaaten vorgegeben, so kann der Verantwortliche beziehungsweise k\u00f6nnen die bestimmten Kriterien seiner Benennung nach dem Unionsrecht oder dem Recht der Mitgliedstaaten vorgesehen werden.<\/li>\n<li>\u201e<em>Auftragsverarbeiter\u201c<\/em> ist eine nat\u00fcrliche oder juristische Person, Beh\u00f6rde, Einrichtung oder andere Stelle, die personenbezogene Daten im Auftrag des Verantwortlichen verarbeitet.<\/li>\n<li><em>\u201eEmpf\u00e4nger\u201c<\/em> ist eine nat\u00fcrliche oder juristische Person, Beh\u00f6rde, Einrichtung oder andere Stelle, der personenbezogene Daten offengelegt werden, unabh\u00e4ngig davon, ob es sich bei ihr um einen Dritten handelt oder nicht. Beh\u00f6rden, die im Rahmen eines bestimmten Untersuchungsauftrags nach dem Unionsrecht oder dem Recht der Mitgliedstaaten m\u00f6glicherweise personenbezogene Daten erhalten, gelten jedoch nicht als Empf\u00e4nger.<\/li>\n<li><em>\u201eDritter\u201c<\/em> ist eine nat\u00fcrliche oder juristische Person, Beh\u00f6rde, Einrichtung oder andere Stelle au\u00dfer der betroffenen Person, dem Verantwortlichen, dem Auftragsverarbeiter und den Personen, die unter der unmittelbaren Verantwortung des Verantwortlichen oder des Auftragsverarbeiters befugt sind, die personenbezogenen Daten zu verarbeiten.<\/li>\n<li><em>\u201eEinwilligung\u201c<\/em> ist jede von der betroffenen Person freiwillig f\u00fcr den bestimmten Fall in informierter Weise und unmissverst\u00e4ndlich abgegebene Willensbekundung in Form einer Erkl\u00e4rung oder einer sonstigen eindeutigen best\u00e4tigenden Handlung, mit der die betroffene Person zu verstehen gibt, dass sie mit der Verarbeitung der sie betreffenden personenbezogenen Daten einverstanden ist.<\/li>\n<\/ul>\n<p>&nbsp;<\/p>\n<h3><strong>Zwecke und Rechtsgrundlagen der verarbeiteten Daten<\/strong><\/h3>\n<p>Wir verarbeiten personenbezogene Daten im Einklang mit den Bestimmungen der Datenschutz-Grundverordnung (DSGVO), sowie anderen anwendbaren Datenschutzvorschriften.<\/p>\n<p>&nbsp;<\/p>\n<h3><strong>Zwecke zur Erf\u00fcllung eines Vertrages oder von vorvertraglichen Ma\u00dfnahmen (Art. 6 Abs. 1 lit. b DSGVO)<\/strong><\/h3>\n<p>Die Verarbeitung personenbezogener Daten erfolgt zur Durchf\u00fchrung unserer Vertr\u00e4ge mit Ihnen und der Ausf\u00fchrung Ihrer Auftr\u00e4ge sowie zur Durchf\u00fchrung von Ma\u00dfnahmen und T\u00e4tigkeiten im Rahmen vorvertraglicher Beziehungen, z.B. mit Interessenten. Dazu geh\u00f6ren im Wesentlichen: die vertragsbezogene Kommunikation mit Ihnen, die entsprechende Abrechnung und damit verbundene Zahlungstransaktionen, die Nachweisbarkeit von Auftr\u00e4gen und sonstigen Vereinbarungen<\/p>\n<p>&nbsp;<\/p>\n<h3><strong>Zwecke im Rahmen eines berechtigten Interesses von uns oder Dritten (Art. 6 Abs. 1 lit. f DSGVO)<\/strong><\/h3>\n<p>Wir k\u00f6nnen Ihre Daten au\u00dferdem auf Basis einer Interessenabw\u00e4gung zur Wahrung der berechtigten, in der Regel wirtschaftlichen Interessen von uns oder von Dritten verwenden, insbesondere f\u00fcr Zwecke<\/p>\n<ul>\n<li>der Erbringung von Dienstleistungen und Lieferung von Produkten;<\/li>\n<li>der Bearbeitung und Kontrolle von Gesch\u00e4ftsvorg\u00e4ngen;<\/li>\n<li>der Weiterentwicklung und Qualit\u00e4tssicherung von Dienstleistungen und Produkten;<\/li>\n<li>der Unternehmenssteuerung und der Optimierung von Unternehmensabl\u00e4ufen;<\/li>\n<li>der Werbung oder Markt- und Meinungsforschung;<\/li>\n<li>der Anbahnung und der Pflege von Gesch\u00e4ftsbeziehungen;<\/li>\n<li>der Geltendmachung rechtlicher Anspr\u00fcche und Verteidigung bei rechtlichen Streitigkeiten<\/li>\n<li>der Erkennung, Verhinderung und Aufkl\u00e4rung von Straftaten;<\/li>\n<li>der Analyse und Optimierung unserer Onlineangebots<\/li>\n<li>der Gew\u00e4hrleistung der Informationssicherheit und der Betriebsf\u00e4higkeit unserer IT-Systeme<\/li>\n<\/ul>\n<p>&nbsp;<\/p>\n<h3><strong>Zwecke im Rahmen Ihrer Einwilligung (Art. 6 Abs 1 lit. a DSGVO)<\/strong><\/h3>\n<p>Eine Verarbeitung Ihrer personenbezogenen Daten f\u00fcr bestimmte Zwecke kann auch aufgrund Ihrer Einwilligung erfolgen. Dies betrifft insbesondere eine m\u00f6glicherweise von Ihnen erteilte Einwilligung in die werbliche Ansprache per Telefon oder E-Mail. Sie k\u00f6nnen Ihre Einwilligungen jederzeit mit Wirkung f\u00fcr die Zukunft widerrufen.<\/p>\n<p>&nbsp;<\/p>\n<h3><strong>Zwecke zur Erf\u00fcllung gesetzlicher Vorgaben (Art. 6 Abs. 1 lit. c DSGVO) oder im \u00f6ffentlichen Interesse (Art. 6 Abs. 1 lit. e DSGVO)<\/strong><\/h3>\n<p>Wir unterliegen einer Vielzahl von rechtlichen Verpflichtungen, wie z. B. den gesetzlichen Aufbewahrungspflichten von Gesch\u00e4ftsdokumenten, und verarbeiten zu diesen Zwecken ggf. Ihre personenbezogenen Daten. Dar\u00fcber hinaus kann die Offenlegung personenbezogener Daten im Rahmen von beh\u00f6rdlichen\/gerichtlichen Ma\u00dfnahmen ggf. zu Zwecken der Beweissicherung oder Strafverfolgung erforderlich werden.<\/p>\n<p>&nbsp;<\/p>\n<h3><strong>Datenkategorien bei indirekter Erhebung<\/strong><\/h3>\n<p>Wir verarbeiten personenbezogene Daten, die wir direkt von Ihnen oder von Dritten erhalten haben. Zudem verarbeiten wir personenbezogene Daten, die wir aus \u00f6ffentlich zug\u00e4nglichen Quellen (wie z.B. Presse, Internet und andere Medien) zul\u00e4ssigerweise entnommen oder erhalten haben und verarbeiten d\u00fcrfen. Hierzu z\u00e4hlen insbesondere folgenden Datenkategorien:<\/p>\n<ul>\n<li>Stammdaten<\/li>\n<li>Kommunikationsdaten<\/li>\n<li>Vertragsdaten<\/li>\n<li>Gesch\u00e4ftsabwicklung<\/li>\n<\/ul>\n<p>&nbsp;<\/p>\n<h3><strong>\u00dcbermittlung innerhalb der EU<\/strong><\/h3>\n<p>Innerhalb unseres Unternehmens erhalten diejenigen internen Stellen bzw. Organisationseinheiten Ihre Daten, die diese zur Erf\u00fcllung unserer vertraglichen und gesetzlichen Pflichten oder im Rahmen der Bearbeitung und Umsetzung unseres berechtigten Interesses ben\u00f6tigen.<\/p>\n<p>Eine Weitergabe Ihrer Daten an externe Stellen erfolgt ausschlie\u00dflich<\/p>\n<ul>\n<li>im Zusammenhang mit der Vertragsanbahnung oder -abwicklung mit Ihnen;<\/li>\n<li>im Zusammenhang mit der Vertragsanbahnung oder -abwicklung mit Ihrem Arbeitgeber;<\/li>\n<li>zu Zwecken der Erf\u00fcllung gesetzlicher Vorgaben, nach denen wir zur Auskunft, Meldung oder Weitergabe von Daten verpflichtet sind oder die Datenweitergabe im \u00f6ffentlichen Interesse liegt;<\/li>\n<li>soweit externe Dienstleistungsunternehmen Daten in unserem Auftrag als Auftragsverarbeiter oder Funktions\u00fcbernehmer verarbeiten<\/li>\n<li>aufgrund unseres berechtigten Interesses oder des berechtigten Interesses des Dritten f\u00fcr im Rahmen der genannten Zwecke (z. B. an Beh\u00f6rden, Auskunfteien, Rechtsanw\u00e4lte, Gerichte, Gutachter, Kunden, Lieferanten);<\/li>\n<li>wenn Sie uns eine Einwilligung zur \u00dcbermittlung an Dritte gegeben haben.<\/li>\n<\/ul>\n<p>&nbsp;<\/p>\n<p>Wir werden Ihre Daten dar\u00fcber hinaus nicht an Dritte weitergeben. Soweit wir Dienstleister im Rahmen einer Auftragsverarbeitung beauftragen, unterliegen Ihre Daten dort den gleichen Sicherheitsstandards wie bei uns. In den \u00fcbrigen F\u00e4llen d\u00fcrfen die Empf\u00e4nger die Daten nur f\u00fcr die Zwecke nutzen, f\u00fcr die sie ihnen \u00fcbermittelt wurden.<\/p>\n<p>&nbsp;<\/p>\n<h3><strong>\u00dcbermittlung au\u00dferhalb der EU<\/strong><\/h3>\n<p>Eine Daten\u00fcbermittlung an Stellen in Staaten au\u00dferhalb der Europ\u00e4ischen Union (EU) bzw. des Europ\u00e4ischen Wirtschaftsraums (EWR) (sogenannte Drittl\u00e4nder) erfolgt dann, wenn es zur Ausf\u00fchrung eines Auftrages\/ Vertrags von bzw. mit Ihnen erforderlich sein sollte, es gesetzlich vorgeschrieben ist (z.B. steuerrechtliche Meldepflichten), es im Rahmen eines berechtigten Interesses von uns oder eines Dritten liegt oder Sie uns eine Einwilligung erteilt haben.<\/p>\n<p>Dabei kann die Verarbeitung Ihrer Daten in einem Drittland auch im Zusammenhang mit der Einschaltung von Dienstleistern im Rahmen der Auftragsverarbeitung erfolgen. Soweit f\u00fcr das betreffende Land kein Beschluss der EU-Kommission \u00fcber ein dort vorliegendes angemessenes Datenschutzniveau vorliegen sollte, gew\u00e4hrleisten wir nach den EU-Datenschutzvorgaben durch entsprechende Vertr\u00e4ge, dass ihre Rechte und Freiheiten angemessen gesch\u00fctzt und garantiert werden. Entsprechende Detailinformationen stellen wir Ihnen auf Anfrage zur Verf\u00fcgung. Informationen zu den geeigneten oder angemessenen Garantien und zu der M\u00f6glichkeit, eine Kopie von Ihnen zu erhalten, k\u00f6nnen auf Anfrage beim betrieblichen Datenschutzbeauftragten angefordert werden.<\/p>\n<p><strong>\u00a0<\/strong><\/p>\n<h3><strong>Folgen einer Nichtbereitstellung von Daten<\/strong><\/h3>\n<p>Im Rahmen des Gesch\u00e4ftsverh\u00e4ltnisses m\u00fcssen Sie diejenigen personenbezogenen Daten bereitstellen, die f\u00fcr die Begr\u00fcndung, Durchf\u00fchrung und Beendigung des Rechtsgesch\u00e4fts und der Erf\u00fcllung der damit verbundenen vertraglichen Pflichten erforderlich sind oder zu deren Erhebung wir gesetzlich verpflichtet sind. Ohne diese Daten werden wir nicht in der Lage sein, das Rechtsgesch\u00e4ft mit Ihnen durchzuf\u00fchren.<\/p>\n<p><strong>\u00a0<\/strong><\/p>\n<h3><strong>Automatisierte Entscheidungsfindung und Profiling<\/strong><\/h3>\n<p>Wir setzen keine rein automatisierten Entscheidungsverfahren gem\u00e4\u00df Artikel 22 DSGVO ein. Sofern wir ein solches Verfahren zuk\u00fcnftig in Einzelf\u00e4llen doch einsetzen sollten, werden wir Sie hier\u00fcber gesondert informieren, sofern dies gesetzlich vorgegeben ist.<\/p>\n<p><strong>\u00a0<\/strong><\/p>\n<h3><strong>Dauer der Speicherung <\/strong><\/h3>\n<p>Wir speichern Ihre Daten grunds\u00e4tzlich nur f\u00fcr den Zeitraum, der zur Erreichung der Speicherungszwecke erforderlich ist, oder sofern dies durch den Europ\u00e4ischen Richtlinien- und Verordnungsgeber oder einen anderen Gesetzgeber in Gesetzen oder Vorschriften, welchen der f\u00fcr die Verarbeitung Verantwortliche unterliegt, vorgesehen wurde. In allen anderen F\u00e4llen l\u00f6schen wir Ihre personenbezogenen Daten nach Erledigung des Zweckes, mit Ausnahme solcher Daten, die wir zur Erf\u00fcllung rechtlicher Verpflichtungen weiter speichern m\u00fcssen, welche sich durch rechtliche Nachweis- und Aufbewahrungspflichten ergeben.<\/p>\n<p>&nbsp;<\/p>\n<h3><strong>Rechte der Betroffenen<\/strong><\/h3>\n<p>Sie haben das Recht:<\/p>\n<ul>\n<li>gem\u00e4\u00df Art. 15 DSGVO Auskunft \u00fcber Ihre von uns verarbeiteten personenbezogenen Daten zu verlangen. Insbesondere k\u00f6nnen Sie Auskunft \u00fcber die Verarbeitungszwecke, die Kategorie der personenbezogenen Daten, die Kategorien von Empf\u00e4ngern, gegen\u00fcber denen Ihre Daten offengelegt wurden oder werden, die geplante Speicherdauer, das Bestehen eines Rechts auf Berichtigung, L\u00f6schung, Einschr\u00e4nkung der Verarbeitung oder Widerspruch, das Bestehen eines Beschwerderechts, die Herkunft ihrer Daten, sofern diese nicht bei uns erhoben wurden, sowie \u00fcber das Bestehen einer automatisierten Entscheidungsfindung einschlie\u00dflich Profiling und ggf. aussagekr\u00e4ftigen Informationen zu deren Einzelheiten verlangen;<\/li>\n<li>gem\u00e4\u00df Art. 16 DSGVO unverz\u00fcglich die Berichtigung unrichtiger oder Vervollst\u00e4ndigung Ihrer bei uns gespeicherten personenbezogenen Daten zu verlangen;<\/li>\n<li>gem\u00e4\u00df Art. 17 DSGVO die L\u00f6schung Ihrer bei uns gespeicherten personenbezogenen Daten zu verlangen, soweit nicht die Verarbeitung zur Aus\u00fcbung des Rechts auf freie Meinungs\u00e4u\u00dferung und Information, zur Erf\u00fcllung einer rechtlichen Verpflichtung, aus Gr\u00fcnden des \u00f6ffentlichen Interesses oder zur Geltendmachung, Aus\u00fcbung oder Verteidigung von Rechtsanspr\u00fcchen erforderlich ist;<\/li>\n<li>gem\u00e4\u00df Art. 18 DSGVO die Einschr\u00e4nkung der Verarbeitung Ihrer personenbezogenen Daten zu verlangen, soweit die Richtigkeit der Daten von Ihnen bestritten wird, die Verarbeitung unrechtm\u00e4\u00dfig ist, Sie aber deren L\u00f6schung ablehnen und wir die Daten nicht mehr ben\u00f6tigen, Sie jedoch diese zur Geltendmachung, Aus\u00fcbung oder Verteidigung von Rechtsanspr\u00fcchen ben\u00f6tigen oder Sie gem\u00e4\u00df Art. 21 DSGVO Widerspruch gegen die Verarbeitung eingelegt haben;<\/li>\n<li>gem\u00e4\u00df Art. 20 DSGVO Ihre personenbezogenen Daten, die Sie uns bereitgestellt haben, in einem strukturierten, g\u00e4ngigen und maschinenlesebaren Format zu erhalten oder die \u00dcbermittlung an einen anderen Verantwortlichen (Daten\u00fcbertragbarkeit) zu verlangen;<\/li>\n<li>sofern Ihre personenbezogenen Daten auf Grundlage von berechtigten Interessen gem\u00e4\u00df Art. 6 Abs.1 S. 1 lit. f DSGVO verarbeitet werden, haben Sie das Recht, gem\u00e4\u00df Art. 21 DSGVO Widerspruch gegen die Verarbeitung Ihrer personenbezogenen Daten einzulegen, soweit daf\u00fcr Gr\u00fcnde vorliegen, die sich aus Ihrer besonderen Situation ergeben oder sich der Widerspruch gegen Direktwerbung richtet. Im letzteren Fall haben Sie ein generelles Widerspruchsrecht, das ohne Angabe einer besonderen Situation von uns umgesetzt wird;<\/li>\n<li>gem\u00e4\u00df Art. 77 DSGVO sich bei einer Aufsichtsbeh\u00f6rde zu beschweren. In der Regel k\u00f6nnen Sie sich hierf\u00fcr an die Aufsichtsbeh\u00f6rde Ihres \u00fcblichen Aufenthaltsortes oder Arbeitsplatzes wenden.<\/li>\n<\/ul>\n<p>&nbsp;<\/p>\n<h3><strong>Recht auf Widerspruch<\/strong><\/h3>\n<p>Sie haben nach Art. 21 DSGVO das Recht auf Widerspruch. Der Widerspruch kann formfrei erfolgen. Unsere Kontaktdaten hierzu entnehmen Sie bitte dem Absatz \u201eVerantwortliche Stelle\u201c.<\/p>\n<p><strong>\u00a0<\/strong><\/p>\n<h3><strong>\u00c4nderungen dieser Datenschutzinformation<\/strong><\/h3>\n<p>Wir halten diese Datenschutzerkl\u00e4rung auf dem neuesten Stand. Deshalb behalten wir uns vor, sie von Zeit zu Zeit zu \u00e4ndern und \u00c4nderungen bei der Erhebung, Verarbeitung oder Nutzung Ihrer Daten nachzupflegen.<\/p>\n","protected":false},"excerpt":{"rendered":"<p>Wir nehmen den Schutz Ihrer pers\u00f6nlichen Daten sehr ernst. Ihre Privatsph\u00e4re ist f\u00fcr uns ein wichtiges Anliegen. Wir verarbeiten Ihre personenbezogenen Daten im Einklang mit den jeweils anwendbaren gesetzlichen Datenschutzanforderungen zu den nachfolgend aufgef\u00fchrten Zwecken. Personenbezogene Daten im Sinne dieser Datenschutzinformation sind s\u00e4mtliche Informationen, die einen Bezug zu Ihrer Person aufweisen. &nbsp; Verantwortliche Stelle I.S.D.B.&hellip;<\/p>\n","protected":false},"author":1,"featured_media":0,"parent":0,"menu_order":0,"comment_status":"closed","ping_status":"closed","template":"","meta":{"footnotes":""},"class_list":["post-346","page","type-page","status-publish","hentry","description-off"],"yoast_head":"<!-- This site is optimized with the Yoast SEO plugin v24.3 - https:\/\/yoast.com\/wordpress\/plugins\/seo\/ -->\n<title>Datenschutz-Information - ISDB<\/title>\n<meta name=\"robots\" content=\"index, follow, max-snippet:-1, max-image-preview:large, max-video-preview:-1\" \/>\n<link rel=\"canonical\" href=\"https:\/\/isdb.sk\/de\/datenschutz-information\/\" \/>\n<meta property=\"og:locale\" content=\"de_DE\" \/>\n<meta property=\"og:type\" content=\"article\" \/>\n<meta property=\"og:title\" content=\"Datenschutz-Information - ISDB\" \/>\n<meta property=\"og:description\" content=\"Wir nehmen den Schutz Ihrer pers\u00f6nlichen Daten sehr ernst. Ihre Privatsph\u00e4re ist f\u00fcr uns ein wichtiges Anliegen. Wir verarbeiten Ihre personenbezogenen Daten im Einklang mit den jeweils anwendbaren gesetzlichen Datenschutzanforderungen zu den nachfolgend aufgef\u00fchrten Zwecken. Personenbezogene Daten im Sinne dieser Datenschutzinformation sind s\u00e4mtliche Informationen, die einen Bezug zu Ihrer Person aufweisen. &nbsp; Verantwortliche Stelle I.S.D.B.&hellip;\" \/>\n<meta property=\"og:url\" content=\"https:\/\/isdb.sk\/de\/datenschutz-information\/\" \/>\n<meta property=\"og:site_name\" content=\"ISDB\" \/>\n<meta property=\"article:modified_time\" content=\"2022-11-24T12:28:32+00:00\" \/>\n<meta name=\"twitter:card\" content=\"summary_large_image\" \/>\n<meta name=\"twitter:label1\" content=\"Gesch\u00e4tzte Lesezeit\" \/>\n\t<meta name=\"twitter:data1\" content=\"10\u00a0Minuten\" \/>\n<script type=\"application\/ld+json\" class=\"yoast-schema-graph\">{\"@context\":\"https:\/\/schema.org\",\"@graph\":[{\"@type\":\"WebPage\",\"@id\":\"https:\/\/isdb.sk\/de\/datenschutz-information\/\",\"url\":\"https:\/\/isdb.sk\/de\/datenschutz-information\/\",\"name\":\"Datenschutz-Information - ISDB\",\"isPartOf\":{\"@id\":\"https:\/\/isdb.sk\/#website\"},\"datePublished\":\"2018-05-31T14:26:56+00:00\",\"dateModified\":\"2022-11-24T12:28:32+00:00\",\"breadcrumb\":{\"@id\":\"https:\/\/isdb.sk\/de\/datenschutz-information\/#breadcrumb\"},\"inLanguage\":\"de\",\"potentialAction\":[{\"@type\":\"ReadAction\",\"target\":[\"https:\/\/isdb.sk\/de\/datenschutz-information\/\"]}]},{\"@type\":\"BreadcrumbList\",\"@id\":\"https:\/\/isdb.sk\/de\/datenschutz-information\/#breadcrumb\",\"itemListElement\":[{\"@type\":\"ListItem\",\"position\":1,\"name\":\"Domovsk\u00e1 str\u00e1nka\",\"item\":\"https:\/\/isdb.sk\/de\/\"},{\"@type\":\"ListItem\",\"position\":2,\"name\":\"Datenschutz-Information\"}]},{\"@type\":\"WebSite\",\"@id\":\"https:\/\/isdb.sk\/#website\",\"url\":\"https:\/\/isdb.sk\/\",\"name\":\"ISDB\",\"description\":\"Medzin\u00e1rodn\u00e1 \u0161ped\u00edcia\",\"publisher\":{\"@id\":\"https:\/\/isdb.sk\/#organization\"},\"potentialAction\":[{\"@type\":\"SearchAction\",\"target\":{\"@type\":\"EntryPoint\",\"urlTemplate\":\"https:\/\/isdb.sk\/?s={search_term_string}\"},\"query-input\":{\"@type\":\"PropertyValueSpecification\",\"valueRequired\":true,\"valueName\":\"search_term_string\"}}],\"inLanguage\":\"de\"},{\"@type\":\"Organization\",\"@id\":\"https:\/\/isdb.sk\/#organization\",\"name\":\"I.S.D.B. s.r.o.,\",\"url\":\"https:\/\/isdb.sk\/\",\"logo\":{\"@type\":\"ImageObject\",\"inLanguage\":\"de\",\"@id\":\"https:\/\/isdb.sk\/#\/schema\/logo\/image\/\",\"url\":\"https:\/\/isdb.sk\/wp-content\/uploads\/2017\/01\/Logo-ISDB-1.png\",\"contentUrl\":\"https:\/\/isdb.sk\/wp-content\/uploads\/2017\/01\/Logo-ISDB-1.png\",\"width\":801,\"height\":387,\"caption\":\"I.S.D.B. s.r.o.,\"},\"image\":{\"@id\":\"https:\/\/isdb.sk\/#\/schema\/logo\/image\/\"}}]}<\/script>\n<!-- \/ Yoast SEO plugin. -->","yoast_head_json":{"title":"Datenschutz-Information - ISDB","robots":{"index":"index","follow":"follow","max-snippet":"max-snippet:-1","max-image-preview":"max-image-preview:large","max-video-preview":"max-video-preview:-1"},"canonical":"https:\/\/isdb.sk\/de\/datenschutz-information\/","og_locale":"de_DE","og_type":"article","og_title":"Datenschutz-Information - ISDB","og_description":"Wir nehmen den Schutz Ihrer pers\u00f6nlichen Daten sehr ernst. Ihre Privatsph\u00e4re ist f\u00fcr uns ein wichtiges Anliegen. Wir verarbeiten Ihre personenbezogenen Daten im Einklang mit den jeweils anwendbaren gesetzlichen Datenschutzanforderungen zu den nachfolgend aufgef\u00fchrten Zwecken. Personenbezogene Daten im Sinne dieser Datenschutzinformation sind s\u00e4mtliche Informationen, die einen Bezug zu Ihrer Person aufweisen. &nbsp; Verantwortliche Stelle I.S.D.B.&hellip;","og_url":"https:\/\/isdb.sk\/de\/datenschutz-information\/","og_site_name":"ISDB","article_modified_time":"2022-11-24T12:28:32+00:00","twitter_card":"summary_large_image","twitter_misc":{"Gesch\u00e4tzte Lesezeit":"10\u00a0Minuten"},"schema":{"@context":"https:\/\/schema.org","@graph":[{"@type":"WebPage","@id":"https:\/\/isdb.sk\/de\/datenschutz-information\/","url":"https:\/\/isdb.sk\/de\/datenschutz-information\/","name":"Datenschutz-Information - ISDB","isPartOf":{"@id":"https:\/\/isdb.sk\/#website"},"datePublished":"2018-05-31T14:26:56+00:00","dateModified":"2022-11-24T12:28:32+00:00","breadcrumb":{"@id":"https:\/\/isdb.sk\/de\/datenschutz-information\/#breadcrumb"},"inLanguage":"de","potentialAction":[{"@type":"ReadAction","target":["https:\/\/isdb.sk\/de\/datenschutz-information\/"]}]},{"@type":"BreadcrumbList","@id":"https:\/\/isdb.sk\/de\/datenschutz-information\/#breadcrumb","itemListElement":[{"@type":"ListItem","position":1,"name":"Domovsk\u00e1 str\u00e1nka","item":"https:\/\/isdb.sk\/de\/"},{"@type":"ListItem","position":2,"name":"Datenschutz-Information"}]},{"@type":"WebSite","@id":"https:\/\/isdb.sk\/#website","url":"https:\/\/isdb.sk\/","name":"ISDB","description":"Medzin\u00e1rodn\u00e1 \u0161ped\u00edcia","publisher":{"@id":"https:\/\/isdb.sk\/#organization"},"potentialAction":[{"@type":"SearchAction","target":{"@type":"EntryPoint","urlTemplate":"https:\/\/isdb.sk\/?s={search_term_string}"},"query-input":{"@type":"PropertyValueSpecification","valueRequired":true,"valueName":"search_term_string"}}],"inLanguage":"de"},{"@type":"Organization","@id":"https:\/\/isdb.sk\/#organization","name":"I.S.D.B. s.r.o.,","url":"https:\/\/isdb.sk\/","logo":{"@type":"ImageObject","inLanguage":"de","@id":"https:\/\/isdb.sk\/#\/schema\/logo\/image\/","url":"https:\/\/isdb.sk\/wp-content\/uploads\/2017\/01\/Logo-ISDB-1.png","contentUrl":"https:\/\/isdb.sk\/wp-content\/uploads\/2017\/01\/Logo-ISDB-1.png","width":801,"height":387,"caption":"I.S.D.B. s.r.o.,"},"image":{"@id":"https:\/\/isdb.sk\/#\/schema\/logo\/image\/"}}]}},"_links":{"self":[{"href":"https:\/\/isdb.sk\/de\/wp-json\/wp\/v2\/pages\/346","targetHints":{"allow":["GET"]}}],"collection":[{"href":"https:\/\/isdb.sk\/de\/wp-json\/wp\/v2\/pages"}],"about":[{"href":"https:\/\/isdb.sk\/de\/wp-json\/wp\/v2\/types\/page"}],"author":[{"embeddable":true,"href":"https:\/\/isdb.sk\/de\/wp-json\/wp\/v2\/users\/1"}],"replies":[{"embeddable":true,"href":"https:\/\/isdb.sk\/de\/wp-json\/wp\/v2\/comments?post=346"}],"version-history":[{"count":5,"href":"https:\/\/isdb.sk\/de\/wp-json\/wp\/v2\/pages\/346\/revisions"}],"predecessor-version":[{"id":650,"href":"https:\/\/isdb.sk\/de\/wp-json\/wp\/v2\/pages\/346\/revisions\/650"}],"wp:attachment":[{"href":"https:\/\/isdb.sk\/de\/wp-json\/wp\/v2\/media?parent=346"}],"curies":[{"name":"wp","href":"https:\/\/api.w.org\/{rel}","templated":true}]}}