{"id":415,"date":"2019-02-13T15:14:26","date_gmt":"2019-02-13T14:14:26","guid":{"rendered":"https:\/\/isdb.sk\/?page_id=415"},"modified":"2022-11-23T19:28:21","modified_gmt":"2022-11-23T18:28:21","slug":"datenschutzinformation","status":"publish","type":"page","link":"https:\/\/isdb.sk\/de\/datenschutzinformation\/","title":{"rendered":"Datenschutzinformation"},"content":{"rendered":"<div class=\"wpb-content-wrapper\"><p>[vc_row css=&#8220;.vc_custom_1550141506788{margin-top: 50px !important;}&#8220;][vc_column][vc_row_inner][vc_column_inner width=&#8220;1\/2&#8243;][\/vc_column_inner][vc_column_inner width=&#8220;1\/2&#8243; offset=&#8220;vc_hidden-lg vc_hidden-md&#8220;][vc_column_text]\n<div class=\"wpml-ls-statics-footer wpml-ls wpml-ls-legacy-list-horizontal\">\n\t<ul><li class=\"wpml-ls-slot-footer wpml-ls-item wpml-ls-item-sk wpml-ls-first-item wpml-ls-item-legacy-list-horizontal\">\n\t\t\t\t<a href=\"https:\/\/isdb.sk\/\" class=\"wpml-ls-link\">\n                                                        <img decoding=\"async\"\n            class=\"wpml-ls-flag\"\n            src=\"https:\/\/isdb.sk\/wp-content\/plugins\/sitepress-multilingual-cms\/res\/flags\/sk.png\"\n            alt=\"\"\n            width=18\n            height=12\n    \/><span class=\"wpml-ls-native\" lang=\"sk\">Sloven\u010dina<\/span><\/a>\n\t\t\t<\/li><li class=\"wpml-ls-slot-footer wpml-ls-item wpml-ls-item-de wpml-ls-current-language wpml-ls-item-legacy-list-horizontal\">\n\t\t\t\t<a href=\"https:\/\/isdb.sk\/de\/\" class=\"wpml-ls-link\">\n                                                        <img decoding=\"async\"\n            class=\"wpml-ls-flag\"\n            src=\"https:\/\/isdb.sk\/wp-content\/plugins\/sitepress-multilingual-cms\/res\/flags\/de.png\"\n            alt=\"\"\n            width=18\n            height=12\n    \/><span class=\"wpml-ls-native\">Deutsch<\/span><\/a>\n\t\t\t<\/li><li class=\"wpml-ls-slot-footer wpml-ls-item wpml-ls-item-en wpml-ls-item-legacy-list-horizontal\">\n\t\t\t\t<a href=\"https:\/\/isdb.sk\/en\/\" class=\"wpml-ls-link\">\n                                                        <img decoding=\"async\"\n            class=\"wpml-ls-flag\"\n            src=\"https:\/\/isdb.sk\/wp-content\/plugins\/sitepress-multilingual-cms\/res\/flags\/en.png\"\n            alt=\"\"\n            width=18\n            height=12\n    \/><span class=\"wpml-ls-native\" lang=\"en\">English<\/span><\/a>\n\t\t\t<\/li><li class=\"wpml-ls-slot-footer wpml-ls-item wpml-ls-item-hu wpml-ls-item-legacy-list-horizontal\">\n\t\t\t\t<a href=\"https:\/\/isdb.sk\/hu\/\" class=\"wpml-ls-link\">\n                                                        <img decoding=\"async\"\n            class=\"wpml-ls-flag\"\n            src=\"https:\/\/isdb.sk\/wp-content\/plugins\/sitepress-multilingual-cms\/res\/flags\/hu.png\"\n            alt=\"\"\n            width=18\n            height=12\n    \/><span class=\"wpml-ls-native\" lang=\"hu\">Magyar<\/span><\/a>\n\t\t\t<\/li><li class=\"wpml-ls-slot-footer wpml-ls-item wpml-ls-item-pl wpml-ls-last-item wpml-ls-item-legacy-list-horizontal\">\n\t\t\t\t<a href=\"https:\/\/isdb.sk\/pl\/\" class=\"wpml-ls-link\">\n                                                        <img decoding=\"async\"\n            class=\"wpml-ls-flag\"\n            src=\"https:\/\/isdb.sk\/wp-content\/plugins\/sitepress-multilingual-cms\/res\/flags\/pl.png\"\n            alt=\"\"\n            width=18\n            height=12\n    \/><span class=\"wpml-ls-native\" lang=\"pl\">polski<\/span><\/a>\n\t\t\t<\/li><\/ul>\n<\/div>\n[\/vc_column_text][\/vc_column_inner][\/vc_row_inner][vc_column_text css=&#8220;.vc_custom_1550067475297{margin-top: 50px !important;margin-bottom: 50px !important;}&#8220;]<\/p>\n<h1>Datenschutzinformation<\/h1>\n<p>Wir nehmen den Schutz Ihrer pers\u00f6nlichen Daten sehr ernst. Ihre Privatsph\u00e4re ist f\u00fcr uns ein wichtiges Anliegen. Wir verarbeiten Ihre personenbezogenen Daten im Einklang mit den jeweils anwendbaren gesetzlichen Datenschutzanforderungen zu den nachfolgend aufgef\u00fchrten Zwecken. Personenbezogene Daten im Sinne dieser Datenschutzinformation sind s\u00e4mtliche Informationen, die einen Bezug zu Ihrer Person aufweisen.<\/p>\n<p>&nbsp;<\/p>\n<p><strong>Verantwortliche Stelle<\/strong><\/p>\n<p>I.S.D.B. s.r.o.<\/p>\n<p>\u0160tefana Kukuru 12<\/p>\n<p>Michalovce 071 01<\/p>\n<p>Slovensko<\/p>\n<p>&nbsp;<\/p>\n<p>Telefon: +421 56\/640 37 31<\/p>\n<p>E-mail: isdb@isdb.sk<\/p>\n<p>Internet: http:\/\/isdb.sk<\/p>\n<p>&nbsp;<\/p>\n<p><strong>Datenschutzbeauftragter<\/strong><\/p>\n<p>Falls Sie Fragen oder Anmerkungen zum Datenschutz haben, k\u00f6nnen Sie mit unserem Datenschutzbeauftragten auch direkt in Kontakt treten: isdb@isdb.sk<\/p>\n<p>&nbsp;<\/p>\n<p><strong>Begriffsbestimmungen<\/strong><\/p>\n<p>&#8211; \u201ePersonenbezogene Daten\u201c bezeichnet alle Informationen, die sich auf eine identifizierte oder identifizierbare nat\u00fcrliche Person (im Folgenden \u201ebetroffene Person\u201c) beziehen; als identifizierbar wird eine nat\u00fcrliche Person angesehen, die direkt oder indirekt, insbesondere mittels Zuordnung zu einer Kennung wie einem Namen, zu einer Kennnummer, zu Standortdaten, zu einer Online-Kennung oder zu einem oder mehreren besonderen Merkmalen, die Ausdruck der physischen, physiologischen, genetischen, psychischen, wirtschaftlichen, kulturellen oder sozialen Identit\u00e4t dieser nat\u00fcrlichen Person sind, identifiziert werden kann;<\/p>\n<p>&#8211; \u201eVerarbeitung\u201c bezeichnet jeden mit oder ohne Hilfe automatisierter Verfahren ausgef\u00fchrten Vorgang oder jede solche Vorgangsreihe im Zusammenhang mit personenbezogenen Daten wie das Erheben, das Erfassen, die Organisation, das Ordnen, die Speicherung, die Anpassung oder Ver\u00e4nderung, das Auslesen, das Abfragen, die Verwendung, die Offenlegung durch \u00dcbermittlung, Verbreitung oder eine andere Form der Bereitstellung, den Abgleich oder die Verkn\u00fcpfung, die Einschr\u00e4nkung, das L\u00f6schen oder die Vernichtung;<\/p>\n<p>&#8211; \u201eVerantwortlicher\u201c bezeichnet die nat\u00fcrliche oder juristische Person, Beh\u00f6rde, Einrichtung oder andere Stelle, die allein oder gemeinsam mit anderen \u00fcber die Zwecke und Mittel der Verarbeitung von personenbezogenen Daten entscheidet; sind die Zwecke und Mittel dieser Verarbeitung durch das Unionsrecht oder das Recht der Mitgliedstaaten vorgegeben, so kann der Verantwortliche beziehungsweise k\u00f6nnen die bestimmten Kriterien seiner Benennung nach dem Unionsrecht oder dem Recht der Mitgliedstaaten vorgesehen werden;<\/p>\n<p>&#8211; \u201eAuftragsverarbeiter\u201c bezeichnet eine nat\u00fcrliche oder juristische Person, Beh\u00f6rde, Einrichtung oder andere Stelle, die personenbezogene Daten im Auftrag des Verantwortlichen verarbeitet;<\/p>\n<p>&#8211; \u201eEmpf\u00e4nger\u201c bezeichnet eine nat\u00fcrliche oder juristische Person, Beh\u00f6rde, Einrichtung oder andere Stelle, der personenbezogene Daten offengelegt werden, unabh\u00e4ngig davon, ob es sich bei ihr um einen Dritten handelt oder nicht. Beh\u00f6rden, die im Rahmen eines bestimmten Untersuchungsauftrags nach dem Unionsrecht oder dem Recht der Mitgliedstaaten m\u00f6glicherweise personenbezogene Daten erhalten, gelten jedoch nicht als Empf\u00e4nger; die Verarbeitung dieser Daten durch die genannten Beh\u00f6rden erfolgt im Einklang mit den geltenden Datenschutzvorschriften gem\u00e4\u00df den Zwecken der Verarbeitung;<\/p>\n<p>&#8211; \u201eDritter\u201c bezeichnet eine nat\u00fcrliche oder juristische Person, Beh\u00f6rde, Einrichtung oder andere Stelle, au\u00dfer der betroffenen Person, dem Verantwortlichen, dem Auftragsverarbeiter und den Personen, die unter der unmittelbaren Verantwortung des Verantwortlichen oder des Auftragsverarbeiters befugt sind, die personenbezogenen Daten zu verarbeiten;<\/p>\n<p>&#8211; \u201eEinwilligung\u201c der betroffenen Person bezeichnet jede freiwillig f\u00fcr den bestimmten Fall, in informierter Weise und unmissverst\u00e4ndlich abgegebene Willensbekundung in Form einer Erkl\u00e4rung oder einer sonstigen eindeutigen best\u00e4tigenden Handlung, mit der die betroffene Person zu verstehen gibt, dass sie mit der Verarbeitung der sie betreffenden personenbezogenen Daten einverstanden ist;<\/p>\n<p>&nbsp;<\/p>\n<p><strong>Zwecke und Rechtsgrundlagen der verarbeiteten Daten<\/strong><\/p>\n<p>Wir verarbeiten personenbezogene Daten im Einklang mit den Bestimmungen der Datenschutz-Grundverordnung (DSGVO), sowie anderen anwendbaren Datenschutzvorschriften.<\/p>\n<p>&nbsp;<\/p>\n<p><strong>Zwecke zur Erf\u00fcllung eines Vertrages oder von vorvertraglichen Ma\u00dfnahmen (Art. 6 Abs. 1 lit. b DSGVO)<\/strong><\/p>\n<p>Die Verarbeitung personenbezogener Daten erfolgt zur Durchf\u00fchrung unserer Vertr\u00e4ge mit Ihnen und der Ausf\u00fchrung Ihrer Auftr\u00e4ge sowie zur Durchf\u00fchrung von Ma\u00dfnahmen und T\u00e4tigkeiten im Rahmen vorvertraglicher Beziehungen, z.B. mit Interessenten. Dazu geh\u00f6ren im Wesentlichen: die vertragsbezogene Kommunikation mit Ihnen, die entsprechende Abrechnung und damit verbundene Zahlungstransaktionen, die Nachweisbarkeit von Auftr\u00e4gen und sonstigen Vereinbarungen<\/p>\n<p>&nbsp;<\/p>\n<p><strong>Zwecke im Rahmen eines berechtigten Interesses von uns oder Dritten (Art. 6 Abs. 1 lit. f DSGVO)<\/strong><\/p>\n<p>Wir k\u00f6nnen Ihre Daten au\u00dferdem auf Basis einer Interessenabw\u00e4gung zur Wahrung der berechtigten, in der Regel wirtschaftlichen Interessen von uns oder von Dritten verwenden, insbesondere f\u00fcr Zwecke<\/p>\n<p>&nbsp;<\/p>\n<p>&#8211; der Erbringung von Dienstleistungen und Lieferung von Produkten;<\/p>\n<p>&#8211; der Bearbeitung und Kontrolle von Gesch\u00e4ftsvorg\u00e4ngen;<\/p>\n<p>&#8211; der Weiterentwicklung und Qualit\u00e4tssicherung von Dienstleistungen und Produkten;<\/p>\n<p>&#8211; der Unternehmenssteuerung und der Optimierung von Unternehmensabl\u00e4ufen;<\/p>\n<p>&#8211; der Werbung oder Markt- und Meinungsforschung;<\/p>\n<p>&#8211; der Anbahnung und der Pflege von Gesch\u00e4ftsbeziehungen;<\/p>\n<p>&#8211; der Geltendmachung rechtlicher Anspr\u00fcche und Verteidigung bei rechtlichen Streitigkeiten;<\/p>\n<p>&#8211; der Erkennung, Verhinderung und Aufkl\u00e4rung von Straftaten;<\/p>\n<p>&#8211; der Analyse und Optimierung unserer Onlineangebots;<\/p>\n<p>&#8211; der Gew\u00e4hrleistung der Informationssicherheit und der Betriebsf\u00e4higkeit unserer IT-Systeme<\/p>\n<p>&nbsp;<\/p>\n<p>Zwecke im Rahmen Ihrer Einwilligung (Art. 6 Abs 1 lit. a DSGVO)<\/p>\n<p>Eine Verarbeitung Ihrer personenbezogenen Daten f\u00fcr bestimmte Zwecke kann auch aufgrund Ihrer Einwilligung erfolgen. Sie k\u00f6nnen Ihre Einwilligungen jederzeit mit Wirkung f\u00fcr die Zukunft widerrufen.<\/p>\n<p>&nbsp;<\/p>\n<p><strong>Zwecke zur Erf\u00fcllung gesetzlicher Vorgaben (Art. 6 Abs. 1 lit. c DSGVO)<\/strong><\/p>\n<p>Wir unterliegen einer Vielzahl von rechtlichen Verpflichtungen, wie z. B. den gesetzlichen Aufbewahrungspflichten von Gesch\u00e4ftsdokumenten, und verarbeiten zu diesen Zwecken ggf. Ihre personenbezogenen Daten. Dar\u00fcber hinaus kann die Offenlegung personenbezogener Daten im Rahmen von beh\u00f6rdlichen\/gerichtlichen Ma\u00dfnahmen ggf. zu Zwecken der Beweissicherung oder Strafverfolgung erforderlich werden.<\/p>\n<p>&nbsp;<\/p>\n<p><strong>Datenkategorien bei indirekter Erhebung<\/strong><\/p>\n<p>Wir verarbeiten personenbezogene Daten, die wir direkt von Ihnen oder von Dritten erhalten haben. Zudem verarbeiten wir personenbezogene Daten, die wir aus \u00f6ffentlich zug\u00e4nglichen Quellen (wie z.B. Presse, Internet und andere Medien) zul\u00e4ssigerweise entnommen oder erhalten haben und verarbeiten d\u00fcrfen. Hierzu z\u00e4hlen insbesondere folgenden Datenkategorien:<\/p>\n<p>&nbsp;<\/p>\n<p>&#8211; Stammdaten<\/p>\n<p>&#8211; Kommunikationsdaten<\/p>\n<p>&#8211; Vertragsdaten<\/p>\n<p>&#8211; Gesch\u00e4ftsabwicklung<\/p>\n<p>&nbsp;<\/p>\n<p><strong>\u00dcbermittlung innerhalb der EU<\/strong><\/p>\n<p>Innerhalb unseres Unternehmens erhalten diejenigen internen Stellen bzw. Organisationseinheiten Ihre Daten, die diese zur Erf\u00fcllung unserer vertraglichen und gesetzlichen Pflichten oder im Rahmen der Bearbeitung und Umsetzung unseres berechtigten Interesses ben\u00f6tigen.<\/p>\n<p>&nbsp;<\/p>\n<p><strong>Eine Weitergabe Ihrer Daten an externe Stellen erfolgt ausschlie\u00dflich<\/strong><\/p>\n<p>&#8211; im Zusammenhang mit der Vertragsanbahnung oder -abwicklung mit Ihnen;<\/p>\n<p>&#8211; im Zusammenhang mit der Vertragsanbahnung oder -abwicklung mit Ihrem Arbeitgeber;<\/p>\n<p>&#8211; zu Zwecken der Erf\u00fcllung gesetzlicher Vorgaben, nach denen wir zur Auskunft, Meldung oder Weitergabe von Daten verpflichtet sind;<\/p>\n<p>&#8211; soweit externe Dienstleistungsunternehmen Daten in unserem Auftrag als Auftragsverarbeiter oder Funktions\u00fcbernehmer verarbeiten;<\/p>\n<p>&#8211; aufgrund unseres berechtigten Interesses oder des berechtigten Interesses des Dritten f\u00fcr im Rahmen der genannten Zwecke (z. B. an Beh\u00f6rden, Auskunfteien, Rechtsanw\u00e4lte, Gerichte, Gutachter, Kunden, Lieferanten);<\/p>\n<p>&#8211; wenn Sie uns eine Einwilligung zur \u00dcbermittlung an Dritte gegeben haben.<\/p>\n<p>&nbsp;<\/p>\n<p>Wir werden Ihre Daten dar\u00fcber hinaus nicht an Dritte weitergeben. Soweit wir Dienstleister im Rahmen einer Auftragsverarbeitung beauftragen, unterliegen Ihre Daten dort den gleichen Sicherheitsstandards wie bei uns. In den \u00fcbrigen F\u00e4llen d\u00fcrfen die Empf\u00e4nger die Daten nur f\u00fcr die Zwecke nutzen, f\u00fcr die sie ihnen \u00fcbermittelt wurden.<\/p>\n<p>&nbsp;<\/p>\n<p><strong>\u00dcbermittlung au\u00dferhalb der EU<\/strong><\/p>\n<p>Eine Daten\u00fcbermittlung an Stellen in Staaten au\u00dferhalb der Europ\u00e4ischen Union (EU) bzw. des Europ\u00e4ischen Wirtschaftsraums (EWR) (sogenannte Drittl\u00e4nder) erfolgt dann, wenn es zur Ausf\u00fchrung eines Auftrages\/ Vertrags von bzw. mit Ihnen erforderlich sein sollte, es gesetzlich vorgeschrieben ist (z.B. steuerrechtliche Meldepflichten), es im Rahmen eines berechtigten Interesses von uns oder eines Dritten liegt oder Sie uns eine Einwilligung erteilt haben.<\/p>\n<p>&nbsp;<\/p>\n<p>Dabei kann die Verarbeitung Ihrer Daten in einem Drittland auch im Zusammenhang mit der Einschaltung von Dienstleistern im Rahmen der Auftragsverarbeitung erfolgen. Soweit f\u00fcr das betreffende Land kein Beschluss der EU-Kommission \u00fcber ein dort vorliegendes angemessenes Datenschutzniveau vorliegen sollte, gew\u00e4hrleisten wir nach den EU-Datenschutzvorgaben durch entsprechende Vertr\u00e4ge, dass ihre Rechte und Freiheiten angemessen gesch\u00fctzt und garantiert werden. Entsprechende Detailinformationen stellen wir Ihnen auf Anfrage zur Verf\u00fcgung. Informationen zu den geeigneten oder angemessenen Garantien und zu der M\u00f6glichkeit, eine Kopie von Ihnen zu erhalten, k\u00f6nnen auf Anfrage beim betrieblichen Datenschutzbeauftragten angefordert werden.<\/p>\n<p>&nbsp;<\/p>\n<p><strong>Folgen einer Nichtbereitstellung von Daten<\/strong><\/p>\n<p>Im Rahmen des Gesch\u00e4ftsverh\u00e4ltnisses m\u00fcssen Sie diejenigen personenbezogenen Daten bereitstellen, die f\u00fcr die Begr\u00fcndung, Durchf\u00fchrung und Beendigung des Rechtsgesch\u00e4fts und der Erf\u00fcllung der damit verbundenen vertraglichen Pflichten erforderlich sind oder zu deren Erhebung wir gesetzlich verpflichtet sind. Ohne diese Daten werden wir nicht in der Lage sein, das Rechtsgesch\u00e4ft mit Ihnen durchzuf\u00fchren.<\/p>\n<p>&nbsp;<\/p>\n<p><strong>Automatisierte Entscheidungsfindung und Profiling<\/strong><\/p>\n<p>Wir setzen keine rein automatisierten Entscheidungsverfahren gem\u00e4\u00df Artikel 22 DSGVO ein. Sofern wir ein solches Verfahren zuk\u00fcnftig in Einzelf\u00e4llen doch einsetzen sollten, werden wir Sie hier\u00fcber gesondert informieren, sofern dies gesetzlich vorgegeben ist.<\/p>\n<p>&nbsp;<\/p>\n<p><strong>Dauer der Speicherung<\/strong><\/p>\n<p>Wir speichern Ihre Daten grunds\u00e4tzlich nur f\u00fcr den Zeitraum, der zur Erreichung der Speicherungszwecke erforderlich ist, oder sofern dies durch den Europ\u00e4ischen Richtlinien- und Verordnungsgeber oder einen anderen Gesetzgeber in Gesetzen oder Vorschriften, welchen der f\u00fcr die Verarbeitung Verantwortliche unterliegt, vorgesehen wurde. In allen anderen F\u00e4llen l\u00f6schen wir Ihre personenbezogenen Daten nach Erledigung des Zweckes, mit Ausnahme solcher Daten, die wir zur Erf\u00fcllung rechtlicher Verpflichtungen weiter speichern m\u00fcssen, welche sich durch rechtliche Nachweis- und Aufbewahrungspflichten ergeben.<\/p>\n<p>&nbsp;<\/p>\n<p><strong>Rechte der Betroffenen<\/strong><\/p>\n<p>Gem\u00e4\u00df der geltenden Datenschutzgesetze k\u00f6nnen Sie die folgenden Rechte in Anspruch nehmen:<\/p>\n<p>&#8211; Auskunftsrecht der betroffenen Person gem. Art. 15 DSGVO<\/p>\n<p>&#8211; Rechte auf Berichtigung gem. Art. 16 DSGVO<\/p>\n<p>&#8211; Recht und L\u00f6schung gem. Art. 17 DSGVO<\/p>\n<p>&#8211; Recht auf Einschr\u00e4nkung der Verarbeitung gem. Art. 18 DSGVO<\/p>\n<p>&#8211; Recht auf Daten\u00fcbertragbarkeit gem. Art. 20 DSGVO<\/p>\n<p>&#8211; Rechts auf Beschwerde bei einer Aufsichtsbeh\u00f6rde gem. Art. 77 DSGVO<\/p>\n<p>&nbsp;<\/p>\n<p><strong>Widerrufsrecht<\/strong><\/p>\n<p>Sie haben das Recht, erteilte Einwilligungen gem. Art. 7 Abs. 3 DSGVO mit Wirkung f\u00fcr die Zukunft zu widerrufen.<\/p>\n<p>&nbsp;<\/p>\n<p><strong>Recht auf Widerspruch<\/strong><\/p>\n<p>Sie haben nach Art. 21 DSGVO das Recht auf Widerspruch. Der Widerspruch kann formfrei erfolgen. Unsere Kontaktdaten hierzu entnehmen Sie bitte dem Absatz \u201eVerantwortliche Stelle\u201c.<\/p>\n<p>&nbsp;<\/p>\n<p><strong>\u00c4nderungen dieser Datenschutzinformation<\/strong><\/p>\n<p>Wir halten diese Datenschutzinformation auf dem neuesten Stand. Deshalb behalten wir uns vor, sie von Zeit zu Zeit zu \u00e4ndern und \u00c4nderungen bei der Erhebung, Verarbeitung oder Nutzung Ihrer Daten nachzupflegen. Datenschutz-Information[\/vc_column_text][\/vc_column][\/vc_row]<\/p>\n<\/div>","protected":false},"excerpt":{"rendered":"<p>[vc_row css=&#8220;.vc_custom_1550141506788{margin-top: 50px !important;}&#8220;][vc_column][vc_row_inner][vc_column_inner width=&#8220;1\/2&#8243;][\/vc_column_inner][vc_column_inner width=&#8220;1\/2&#8243; offset=&#8220;vc_hidden-lg vc_hidden-md&#8220;][vc_column_text][\/vc_column_text][\/vc_column_inner][\/vc_row_inner][vc_column_text css=&#8220;.vc_custom_1550067475297{margin-top: 50px !important;margin-bottom: 50px !important;}&#8220;] Datenschutzinformation Wir nehmen den Schutz Ihrer pers\u00f6nlichen Daten sehr ernst. Ihre Privatsph\u00e4re ist f\u00fcr uns ein wichtiges Anliegen. Wir verarbeiten Ihre personenbezogenen Daten im Einklang mit den jeweils anwendbaren gesetzlichen Datenschutzanforderungen zu den nachfolgend aufgef\u00fchrten Zwecken. Personenbezogene Daten im Sinne dieser Datenschutzinformation&hellip;<\/p>\n","protected":false},"author":1,"featured_media":0,"parent":0,"menu_order":0,"comment_status":"closed","ping_status":"closed","template":"","meta":{"footnotes":""},"class_list":["post-415","page","type-page","status-publish","hentry","description-off"],"yoast_head":"<!-- This site is optimized with the Yoast SEO plugin v24.3 - https:\/\/yoast.com\/wordpress\/plugins\/seo\/ -->\n<title>Datenschutzinformation - ISDB<\/title>\n<meta name=\"robots\" content=\"index, follow, max-snippet:-1, max-image-preview:large, max-video-preview:-1\" \/>\n<link rel=\"canonical\" href=\"https:\/\/isdb.sk\/de\/datenschutzinformation\/\" \/>\n<meta property=\"og:locale\" content=\"de_DE\" \/>\n<meta property=\"og:type\" content=\"article\" \/>\n<meta property=\"og:title\" content=\"Datenschutzinformation - ISDB\" \/>\n<meta property=\"og:description\" content=\"[vc_row css=&#8220;.vc_custom_1550141506788{margin-top: 50px !important;}&#8220;][vc_column][vc_row_inner][vc_column_inner width=&#8220;1\/2&#8243;][\/vc_column_inner][vc_column_inner width=&#8220;1\/2&#8243; offset=&#8220;vc_hidden-lg vc_hidden-md&#8220;][vc_column_text][\/vc_column_text][\/vc_column_inner][\/vc_row_inner][vc_column_text css=&#8220;.vc_custom_1550067475297{margin-top: 50px !important;margin-bottom: 50px !important;}&#8220;] Datenschutzinformation Wir nehmen den Schutz Ihrer pers\u00f6nlichen Daten sehr ernst. Ihre Privatsph\u00e4re ist f\u00fcr uns ein wichtiges Anliegen. Wir verarbeiten Ihre personenbezogenen Daten im Einklang mit den jeweils anwendbaren gesetzlichen Datenschutzanforderungen zu den nachfolgend aufgef\u00fchrten Zwecken. Personenbezogene Daten im Sinne dieser Datenschutzinformation&hellip;\" \/>\n<meta property=\"og:url\" content=\"https:\/\/isdb.sk\/de\/datenschutzinformation\/\" \/>\n<meta property=\"og:site_name\" content=\"ISDB\" \/>\n<meta property=\"article:modified_time\" content=\"2022-11-23T18:28:21+00:00\" \/>\n<meta name=\"twitter:card\" content=\"summary_large_image\" \/>\n<meta name=\"twitter:label1\" content=\"Gesch\u00e4tzte Lesezeit\" \/>\n\t<meta name=\"twitter:data1\" content=\"9\u00a0Minuten\" \/>\n<script type=\"application\/ld+json\" class=\"yoast-schema-graph\">{\"@context\":\"https:\/\/schema.org\",\"@graph\":[{\"@type\":\"WebPage\",\"@id\":\"https:\/\/isdb.sk\/de\/datenschutzinformation\/\",\"url\":\"https:\/\/isdb.sk\/de\/datenschutzinformation\/\",\"name\":\"Datenschutzinformation - ISDB\",\"isPartOf\":{\"@id\":\"https:\/\/isdb.sk\/#website\"},\"datePublished\":\"2019-02-13T14:14:26+00:00\",\"dateModified\":\"2022-11-23T18:28:21+00:00\",\"breadcrumb\":{\"@id\":\"https:\/\/isdb.sk\/de\/datenschutzinformation\/#breadcrumb\"},\"inLanguage\":\"de\",\"potentialAction\":[{\"@type\":\"ReadAction\",\"target\":[\"https:\/\/isdb.sk\/de\/datenschutzinformation\/\"]}]},{\"@type\":\"BreadcrumbList\",\"@id\":\"https:\/\/isdb.sk\/de\/datenschutzinformation\/#breadcrumb\",\"itemListElement\":[{\"@type\":\"ListItem\",\"position\":1,\"name\":\"Domovsk\u00e1 str\u00e1nka\",\"item\":\"https:\/\/isdb.sk\/de\/\"},{\"@type\":\"ListItem\",\"position\":2,\"name\":\"Datenschutzinformation\"}]},{\"@type\":\"WebSite\",\"@id\":\"https:\/\/isdb.sk\/#website\",\"url\":\"https:\/\/isdb.sk\/\",\"name\":\"ISDB\",\"description\":\"Medzin\u00e1rodn\u00e1 \u0161ped\u00edcia\",\"publisher\":{\"@id\":\"https:\/\/isdb.sk\/#organization\"},\"potentialAction\":[{\"@type\":\"SearchAction\",\"target\":{\"@type\":\"EntryPoint\",\"urlTemplate\":\"https:\/\/isdb.sk\/?s={search_term_string}\"},\"query-input\":{\"@type\":\"PropertyValueSpecification\",\"valueRequired\":true,\"valueName\":\"search_term_string\"}}],\"inLanguage\":\"de\"},{\"@type\":\"Organization\",\"@id\":\"https:\/\/isdb.sk\/#organization\",\"name\":\"I.S.D.B. s.r.o.,\",\"url\":\"https:\/\/isdb.sk\/\",\"logo\":{\"@type\":\"ImageObject\",\"inLanguage\":\"de\",\"@id\":\"https:\/\/isdb.sk\/#\/schema\/logo\/image\/\",\"url\":\"https:\/\/isdb.sk\/wp-content\/uploads\/2017\/01\/Logo-ISDB-1.png\",\"contentUrl\":\"https:\/\/isdb.sk\/wp-content\/uploads\/2017\/01\/Logo-ISDB-1.png\",\"width\":801,\"height\":387,\"caption\":\"I.S.D.B. s.r.o.,\"},\"image\":{\"@id\":\"https:\/\/isdb.sk\/#\/schema\/logo\/image\/\"}}]}<\/script>\n<!-- \/ Yoast SEO plugin. -->","yoast_head_json":{"title":"Datenschutzinformation - ISDB","robots":{"index":"index","follow":"follow","max-snippet":"max-snippet:-1","max-image-preview":"max-image-preview:large","max-video-preview":"max-video-preview:-1"},"canonical":"https:\/\/isdb.sk\/de\/datenschutzinformation\/","og_locale":"de_DE","og_type":"article","og_title":"Datenschutzinformation - ISDB","og_description":"[vc_row css=&#8220;.vc_custom_1550141506788{margin-top: 50px !important;}&#8220;][vc_column][vc_row_inner][vc_column_inner width=&#8220;1\/2&#8243;][\/vc_column_inner][vc_column_inner width=&#8220;1\/2&#8243; offset=&#8220;vc_hidden-lg vc_hidden-md&#8220;][vc_column_text][\/vc_column_text][\/vc_column_inner][\/vc_row_inner][vc_column_text css=&#8220;.vc_custom_1550067475297{margin-top: 50px !important;margin-bottom: 50px !important;}&#8220;] Datenschutzinformation Wir nehmen den Schutz Ihrer pers\u00f6nlichen Daten sehr ernst. Ihre Privatsph\u00e4re ist f\u00fcr uns ein wichtiges Anliegen. Wir verarbeiten Ihre personenbezogenen Daten im Einklang mit den jeweils anwendbaren gesetzlichen Datenschutzanforderungen zu den nachfolgend aufgef\u00fchrten Zwecken. Personenbezogene Daten im Sinne dieser Datenschutzinformation&hellip;","og_url":"https:\/\/isdb.sk\/de\/datenschutzinformation\/","og_site_name":"ISDB","article_modified_time":"2022-11-23T18:28:21+00:00","twitter_card":"summary_large_image","twitter_misc":{"Gesch\u00e4tzte Lesezeit":"9\u00a0Minuten"},"schema":{"@context":"https:\/\/schema.org","@graph":[{"@type":"WebPage","@id":"https:\/\/isdb.sk\/de\/datenschutzinformation\/","url":"https:\/\/isdb.sk\/de\/datenschutzinformation\/","name":"Datenschutzinformation - ISDB","isPartOf":{"@id":"https:\/\/isdb.sk\/#website"},"datePublished":"2019-02-13T14:14:26+00:00","dateModified":"2022-11-23T18:28:21+00:00","breadcrumb":{"@id":"https:\/\/isdb.sk\/de\/datenschutzinformation\/#breadcrumb"},"inLanguage":"de","potentialAction":[{"@type":"ReadAction","target":["https:\/\/isdb.sk\/de\/datenschutzinformation\/"]}]},{"@type":"BreadcrumbList","@id":"https:\/\/isdb.sk\/de\/datenschutzinformation\/#breadcrumb","itemListElement":[{"@type":"ListItem","position":1,"name":"Domovsk\u00e1 str\u00e1nka","item":"https:\/\/isdb.sk\/de\/"},{"@type":"ListItem","position":2,"name":"Datenschutzinformation"}]},{"@type":"WebSite","@id":"https:\/\/isdb.sk\/#website","url":"https:\/\/isdb.sk\/","name":"ISDB","description":"Medzin\u00e1rodn\u00e1 \u0161ped\u00edcia","publisher":{"@id":"https:\/\/isdb.sk\/#organization"},"potentialAction":[{"@type":"SearchAction","target":{"@type":"EntryPoint","urlTemplate":"https:\/\/isdb.sk\/?s={search_term_string}"},"query-input":{"@type":"PropertyValueSpecification","valueRequired":true,"valueName":"search_term_string"}}],"inLanguage":"de"},{"@type":"Organization","@id":"https:\/\/isdb.sk\/#organization","name":"I.S.D.B. s.r.o.,","url":"https:\/\/isdb.sk\/","logo":{"@type":"ImageObject","inLanguage":"de","@id":"https:\/\/isdb.sk\/#\/schema\/logo\/image\/","url":"https:\/\/isdb.sk\/wp-content\/uploads\/2017\/01\/Logo-ISDB-1.png","contentUrl":"https:\/\/isdb.sk\/wp-content\/uploads\/2017\/01\/Logo-ISDB-1.png","width":801,"height":387,"caption":"I.S.D.B. s.r.o.,"},"image":{"@id":"https:\/\/isdb.sk\/#\/schema\/logo\/image\/"}}]}},"_links":{"self":[{"href":"https:\/\/isdb.sk\/de\/wp-json\/wp\/v2\/pages\/415","targetHints":{"allow":["GET"]}}],"collection":[{"href":"https:\/\/isdb.sk\/de\/wp-json\/wp\/v2\/pages"}],"about":[{"href":"https:\/\/isdb.sk\/de\/wp-json\/wp\/v2\/types\/page"}],"author":[{"embeddable":true,"href":"https:\/\/isdb.sk\/de\/wp-json\/wp\/v2\/users\/1"}],"replies":[{"embeddable":true,"href":"https:\/\/isdb.sk\/de\/wp-json\/wp\/v2\/comments?post=415"}],"version-history":[{"count":5,"href":"https:\/\/isdb.sk\/de\/wp-json\/wp\/v2\/pages\/415\/revisions"}],"predecessor-version":[{"id":452,"href":"https:\/\/isdb.sk\/de\/wp-json\/wp\/v2\/pages\/415\/revisions\/452"}],"wp:attachment":[{"href":"https:\/\/isdb.sk\/de\/wp-json\/wp\/v2\/media?parent=415"}],"curies":[{"name":"wp","href":"https:\/\/api.w.org\/{rel}","templated":true}]}}